{"id":97,"date":"2024-10-27T19:49:42","date_gmt":"2024-10-27T18:49:42","guid":{"rendered":"http:\/\/altosjuniors.fr\/concours\/?page_id=97"},"modified":"2024-11-10T19:14:37","modified_gmt":"2024-11-10T18:14:37","slug":"formulaire","status":"publish","type":"page","link":"https:\/\/altosjuniors.fr\/concours\/index.php\/formulaire\/","title":{"rendered":"Formulaire en ligne"},"content":{"rendered":"\t\t<div data-elementor-type=\"wp-page\" data-elementor-id=\"97\" class=\"elementor elementor-97\">\n\t\t\t\t<div class=\"elementor-element elementor-element-2e0aa582 e-flex e-con-boxed e-con e-parent\" data-id=\"2e0aa582\" data-element_type=\"container\" data-e-type=\"container\">\n\t\t\t\t\t<div class=\"e-con-inner\">\n\t\t\t\t<div class=\"elementor-element elementor-element-15b46a94 elementor-widget elementor-widget-text-editor\" data-id=\"15b46a94\" data-element_type=\"widget\" data-e-type=\"widget\" data-widget_type=\"text-editor.default\">\n\t\t\t\t<div class=\"elementor-widget-container\">\n\t\t\t\t\t\t\t\t\t\t\t\t\t\t\t\t\t<\/div>\n\t\t\t\t<\/div>\n\t\t\t\t\t<\/div>\n\t\t\t\t<\/div>\n\t\t<div class=\"elementor-element elementor-element-f7584eb e-flex e-con-boxed e-con e-parent\" data-id=\"f7584eb\" data-element_type=\"container\" data-e-type=\"container\">\n\t\t\t\t\t<div class=\"e-con-inner\">\n\t\t\t\t<div class=\"elementor-element elementor-element-9023b4d elementor-widget elementor-widget-text-editor\" data-id=\"9023b4d\" data-element_type=\"widget\" data-e-type=\"widget\" data-widget_type=\"text-editor.default\">\n\t\t\t\t<div class=\"elementor-widget-container\">\n\t\t\t\t\t\t\t\t\t<h1>Concours d&rsquo;alto Pierre Lefebvre<\/h1>\n<h2>Formulaire 2025<\/h2>\n<p>Merci de remplir ce formulaire.<\/p>\n<p>Notez que l&rsquo;inscription ne sera valide qu&rsquo;apr\u00e8s r\u00e9ception des droits d&rsquo;inscription d&rsquo;un montant de <strong>30\u20ac<\/strong>.<\/p>\n<p>A l&rsquo;ordre de : <strong>Les Altos du Grand Sud-Ouest<\/strong><\/p>\n<p>\u00e0: Concours Pierre Lefebvre<\/p>\n<p>101 route du Grezet<\/p><p>47430 Sainte Marthe<\/p>\n<style id=\"wpforms-css-vars-92\">\n\t\t\t\t#wpforms-92 {\n\t\t\t\t\n\t\t\t}\n\t\t\t<\/style><div class=\"wpforms-container wpforms-container-full wpforms-block wpforms-block-9fabd20e-6d80-40de-867e-382c1a7599b8 wpforms-render-modern\" id=\"wpforms-92\"><form id=\"wpforms-form-92\" class=\"wpforms-validate wpforms-form wpforms-ajax-form\" data-formid=\"92\" method=\"post\" enctype=\"multipart\/form-data\" action=\"\/concours\/index.php\/wp-json\/wp\/v2\/pages\/97\" data-token=\"9592aea7f8d1374f34b6950cf73637fc\" data-token-time=\"1777986625\"><noscript class=\"wpforms-error-noscript\">Veuillez activer JavaScript dans votre navigateur pour remplir ce formulaire.<\/noscript><div id=\"wpforms-error-noscript\" style=\"display: none;\">Veuillez activer JavaScript dans votre navigateur pour remplir ce formulaire.<\/div><div class=\"wpforms-field-container\"><div id=\"wpforms-92-field_1-container\" class=\"wpforms-field wpforms-field-name\" data-field-id=\"1\"><fieldset><legend class=\"wpforms-field-label\">Pr\u00e9nom et Nom du candidat <span class=\"wpforms-required-label\" aria-hidden=\"true\">*<\/span><\/legend><div class=\"wpforms-field-row wpforms-field-medium\"><div class=\"wpforms-field-row-block wpforms-first wpforms-one-half\"><input type=\"text\" id=\"wpforms-92-field_1\" class=\"wpforms-field-name-first wpforms-field-required\" name=\"wpforms[fields][1][first]\" aria-errormessage=\"wpforms-92-field_1-error\" required><label for=\"wpforms-92-field_1\" class=\"wpforms-field-sublabel after\">Pr\u00e9nom<\/label><\/div><div class=\"wpforms-field-row-block wpforms-one-half\"><input type=\"text\" id=\"wpforms-92-field_1-last\" class=\"wpforms-field-name-last wpforms-field-required\" name=\"wpforms[fields][1][last]\" aria-errormessage=\"wpforms-92-field_1-last-error\" required><label for=\"wpforms-92-field_1-last\" class=\"wpforms-field-sublabel after\">Nom<\/label><\/div><\/div><\/fieldset><\/div><div id=\"wpforms-92-field_36-container\" class=\"wpforms-field wpforms-field-name\" data-field-id=\"36\"><fieldset><legend class=\"wpforms-field-label\">Date de naissance et \u00e2ge <span class=\"wpforms-required-label\" aria-hidden=\"true\">*<\/span><\/legend><div class=\"wpforms-field-row wpforms-field-medium\"><div class=\"wpforms-field-row-block wpforms-first wpforms-one-half\"><input type=\"text\" id=\"wpforms-92-field_36\" class=\"wpforms-field-name-first wpforms-field-required\" name=\"wpforms[fields][36][first]\" value=\"Date\" aria-errormessage=\"wpforms-92-field_36-error\" required><label for=\"wpforms-92-field_36\" class=\"wpforms-field-sublabel after wpforms-sublabel-hide\">Pr\u00e9nom<\/label><\/div><div class=\"wpforms-field-row-block wpforms-one-half\"><input type=\"text\" id=\"wpforms-92-field_36-last\" class=\"wpforms-field-name-last wpforms-field-required\" name=\"wpforms[fields][36][last]\" value=\"Age\" aria-errormessage=\"wpforms-92-field_36-last-error\" required><label for=\"wpforms-92-field_36-last\" class=\"wpforms-field-sublabel after wpforms-sublabel-hide\">Nom<\/label><\/div><\/div><\/fieldset><\/div><div id=\"wpforms-92-field_34-container\" class=\"wpforms-field wpforms-field-select wpforms-field-select-style-classic\" data-field-id=\"34\"><label class=\"wpforms-field-label\" for=\"wpforms-92-field_34\">Sexe<\/label><select id=\"wpforms-92-field_34\" class=\"wpforms-field-small\" name=\"wpforms[fields][34]\"><option value=\"Homme\"  class=\"choice-1 depth-1\"  >Homme<\/option><option value=\"Femme\"  class=\"choice-2 depth-1\"  >Femme<\/option><\/select><\/div><div id=\"wpforms-92-field_29-container\" class=\"wpforms-field wpforms-field-text\" data-field-id=\"29\"><label class=\"wpforms-field-label\" for=\"wpforms-92-field_29\">Adresse <span class=\"wpforms-required-label\" aria-hidden=\"true\">*<\/span><\/label><input type=\"text\" id=\"wpforms-92-field_29\" class=\"wpforms-field-medium wpforms-field-required\" name=\"wpforms[fields][29]\" aria-errormessage=\"wpforms-92-field_29-error\" required><\/div><div id=\"wpforms-92-field_35-container\" class=\"wpforms-field wpforms-field-number\" data-field-id=\"35\"><label class=\"wpforms-field-label\" for=\"wpforms-92-field_35\">Num\u00e9ro de t\u00e9l\u00e9phone<\/label><input type=\"number\" id=\"wpforms-92-field_35\" class=\"wpforms-field-small\" name=\"wpforms[fields][35]\" placeholder=\"du responsable l\u00e9gal\" step=\"any\" aria-errormessage=\"wpforms-92-field_35-error\" ><\/div><div id=\"wpforms-92-field_3-container\" class=\"wpforms-field wpforms-field-email\" data-field-id=\"3\"><label class=\"wpforms-field-label\" for=\"wpforms-92-field_3\">Email <span class=\"wpforms-required-label\" aria-hidden=\"true\">*<\/span><\/label><input type=\"email\" id=\"wpforms-92-field_3\" class=\"wpforms-field-medium wpforms-field-required\" name=\"wpforms[fields][3]\" placeholder=\"du responsable l\u00e9gal\" spellcheck=\"false\" aria-errormessage=\"wpforms-92-field_3-error\" required><\/div><div id=\"wpforms-92-field_7-container\" class=\"wpforms-field wpforms-field-text\" data-field-id=\"7\"><label class=\"wpforms-field-label\" for=\"wpforms-92-field_7\">Consevatoire Fr\u00e9quent\u00e9<\/label><input type=\"text\" id=\"wpforms-92-field_7\" class=\"wpforms-field-medium\" name=\"wpforms[fields][7]\" placeholder=\"CRR, CRD, ...  + Ville\" aria-errormessage=\"wpforms-92-field_7-error\" ><\/div><div id=\"wpforms-92-field_6-container\" class=\"wpforms-field wpforms-field-select wpforms-field-select-style-classic\" data-field-id=\"6\"><label class=\"wpforms-field-label\" for=\"wpforms-92-field_6\">Niveau du concours pr\u00e9sent\u00e9 <span class=\"wpforms-required-label\" aria-hidden=\"true\">*<\/span><\/label><select id=\"wpforms-92-field_6\" class=\"wpforms-field-small wpforms-field-required\" name=\"wpforms[fields][6]\" required=\"required\"><option value=\"1\u00e8re ann\u00e9e\"  class=\"choice-1 depth-1\"  >1\u00e8re ann\u00e9e<\/option><option value=\"2\u00e8me ann\u00e9e\"  class=\"choice-2 depth-1\"  >2\u00e8me ann\u00e9e<\/option><option value=\"3\u00e8me ann\u00e9e\"  class=\"choice-3 depth-1\"  >3\u00e8me ann\u00e9e<\/option><option value=\"4\u00e8me ann\u00e9e\"  class=\"choice-10 depth-1\"  >4\u00e8me ann\u00e9e<\/option><option value=\"5\u00e8me ann\u00e9e\"  class=\"choice-9 depth-1\"  >5\u00e8me ann\u00e9e<\/option><option value=\"6\u00e8me ann\u00e9e\"  class=\"choice-8 depth-1\"  >6\u00e8me ann\u00e9e<\/option><option value=\"7\u00e8me ann\u00e9e\"  class=\"choice-7 depth-1\"  >7\u00e8me ann\u00e9e<\/option><option value=\"8\u00e8me ann\u00e9e\"  class=\"choice-6 depth-1\"  >8\u00e8me ann\u00e9e<\/option><option value=\"9\u00e8me ann\u00e9e\"  class=\"choice-5 depth-1\"  >9\u00e8me ann\u00e9e<\/option><option value=\"10\u00e8me ann\u00e9e\"  class=\"choice-4 depth-1\"  >10\u00e8me ann\u00e9e<\/option><\/select><\/div><div id=\"wpforms-92-field_33-container\" class=\"wpforms-field wpforms-field-name\" data-field-id=\"33\"><fieldset><legend class=\"wpforms-field-label\">Pr\u00e9nom et Nom du professeur <span class=\"wpforms-required-label\" aria-hidden=\"true\">*<\/span><\/legend><div class=\"wpforms-field-row wpforms-field-medium\"><div class=\"wpforms-field-row-block wpforms-first wpforms-one-half\"><input type=\"text\" id=\"wpforms-92-field_33\" class=\"wpforms-field-name-first wpforms-field-required\" name=\"wpforms[fields][33][first]\" aria-errormessage=\"wpforms-92-field_33-error\" required><label for=\"wpforms-92-field_33\" class=\"wpforms-field-sublabel after\">Pr\u00e9nom<\/label><\/div><div class=\"wpforms-field-row-block wpforms-one-half\"><input type=\"text\" id=\"wpforms-92-field_33-last\" class=\"wpforms-field-name-last wpforms-field-required\" name=\"wpforms[fields][33][last]\" aria-errormessage=\"wpforms-92-field_33-last-error\" required><label for=\"wpforms-92-field_33-last\" class=\"wpforms-field-sublabel after\">Nom<\/label><\/div><\/div><\/fieldset><\/div><div id=\"wpforms-92-field_30-container\" class=\"wpforms-field wpforms-field-email\" data-field-id=\"30\"><label class=\"wpforms-field-label\" for=\"wpforms-92-field_30\">Email du professeur<\/label><input type=\"email\" id=\"wpforms-92-field_30\" class=\"wpforms-field-medium\" name=\"wpforms[fields][30]\" spellcheck=\"false\" aria-errormessage=\"wpforms-92-field_30-error\" ><\/div>\t\t<div id=\"wpforms-92-field_2-container\"\n\t\t\tclass=\"wpforms-field wpforms-field-text\"\n\t\t\tdata-field-type=\"text\"\n\t\t\tdata-field-id=\"2\"\n\t\t\t>\n\t\t\t<label class=\"wpforms-field-label\" for=\"wpforms-92-field_2\" >t\u00e9l\u00e9phone Fr\u00e9quent\u00e9 Num\u00e9ro<\/label>\n\t\t\t<input type=\"text\" id=\"wpforms-92-field_2\" class=\"wpforms-field-medium\" name=\"wpforms[fields][2]\" >\n\t\t<\/div>\n\t\t<div id=\"wpforms-92-field_27-container\" class=\"wpforms-field wpforms-field-textarea\" data-field-id=\"27\"><label class=\"wpforms-field-label\" for=\"wpforms-92-field_27\">Renseignements<\/label><textarea id=\"wpforms-92-field_27\" class=\"wpforms-field-medium\" name=\"wpforms[fields][27]\" placeholder=\"Une question c&#039;est ici.\" aria-errormessage=\"wpforms-92-field_27-error\" ><\/textarea><\/div><script>\n\t\t\t\t( function() {\n\t\t\t\t\tconst style = document.createElement( 'style' );\n\t\t\t\t\tstyle.appendChild( document.createTextNode( '#wpforms-92-field_2-container { position: absolute !important; overflow: hidden !important; display: inline !important; height: 1px !important; width: 1px !important; z-index: -1000 !important; padding: 0 !important; } #wpforms-92-field_2-container input { visibility: hidden; } #wpforms-conversational-form-page #wpforms-92-field_2-container label { counter-increment: none; }' ) );\n\t\t\t\t\tdocument.head.appendChild( style );\n\t\t\t\t\tdocument.currentScript?.remove();\n\t\t\t\t} )();\n\t\t\t<\/script><\/div><!-- .wpforms-field-container --><div class=\"wpforms-submit-container\" ><input type=\"hidden\" name=\"wpforms[id]\" value=\"92\"><input type=\"hidden\" name=\"page_title\" value=\"\"><input type=\"hidden\" name=\"page_url\" value=\"https:\/\/altosjuniors.fr\/concours\/index.php\/wp-json\/wp\/v2\/pages\/97\"><input type=\"hidden\" name=\"url_referer\" value=\"\"><button type=\"submit\" name=\"wpforms[submit]\" id=\"wpforms-submit-92\" class=\"wpforms-submit\" data-alt-text=\"Envoi...\" data-submit-text=\"Envoyer\" aria-live=\"assertive\" value=\"wpforms-submit\">Envoyer<\/button><img decoding=\"async\" src=\"https:\/\/altosjuniors.fr\/concours\/wp-content\/plugins\/wpforms-lite\/assets\/images\/submit-spin.svg\" class=\"wpforms-submit-spinner\" style=\"display: none;\" width=\"26\" height=\"26\" alt=\"Chargement en cours\"><\/div><\/form><\/div>  <!-- .wpforms-container -->\t\t\t\t\t\t\t\t<\/div>\n\t\t\t\t<\/div>\n\t\t\t\t\t<\/div>\n\t\t\t\t<\/div>\n\t\t<div class=\"elementor-element elementor-element-2a4b0b0 e-grid e-con-boxed e-con e-parent\" data-id=\"2a4b0b0\" data-element_type=\"container\" data-e-type=\"container\">\n\t\t\t\t\t<div class=\"e-con-inner\">\n\t\t\t\t<div class=\"elementor-element elementor-element-3f96a28 elementor-widget elementor-widget-image\" data-id=\"3f96a28\" data-element_type=\"widget\" data-e-type=\"widget\" data-widget_type=\"image.default\">\n\t\t\t\t<div class=\"elementor-widget-container\">\n\t\t\t\t\t\t\t\t\t\t\t\t<figure class=\"wp-caption\">\n\t\t\t\t\t\t\t\t\t\t\t<a href=\"https:\/\/altosjuniors.fr\/concours\/\">\n\t\t\t\t\t\t\t<img decoding=\"async\" width=\"256\" height=\"98\" src=\"https:\/\/altosjuniors.fr\/concours\/wp-content\/uploads\/2024\/10\/icone-Alto-trans.png\" class=\"attachment-large size-large wp-image-297\" alt=\"\" \/>\t\t\t\t\t\t\t\t<\/a>\n\t\t\t\t\t\t\t\t\t\t\t<figcaption class=\"widget-image-caption wp-caption-text\">Accueil<\/figcaption>\n\t\t\t\t\t\t\t\t\t\t<\/figure>\n\t\t\t\t\t\t\t\t\t<\/div>\n\t\t\t\t<\/div>\n\t\t\t\t<div class=\"elementor-element elementor-element-810fd12 elementor-widget elementor-widget-image\" data-id=\"810fd12\" data-element_type=\"widget\" data-e-type=\"widget\" data-widget_type=\"image.default\">\n\t\t\t\t<div class=\"elementor-widget-container\">\n\t\t\t\t\t\t\t\t\t\t\t\t<figure class=\"wp-caption\">\n\t\t\t\t\t\t\t\t\t\t\t<a href=\"https:\/\/altosjuniors.fr\/concours\/index.php\/programme-2025\/\">\n\t\t\t\t\t\t\t<img decoding=\"async\" width=\"256\" height=\"98\" src=\"https:\/\/altosjuniors.fr\/concours\/wp-content\/uploads\/2024\/10\/icone-Alto-trans.png\" class=\"attachment-2048x2048 size-2048x2048 wp-image-297\" alt=\"\" \/>\t\t\t\t\t\t\t\t<\/a>\n\t\t\t\t\t\t\t\t\t\t\t<figcaption class=\"widget-image-caption wp-caption-text\">Liste des morceaux<\/figcaption>\n\t\t\t\t\t\t\t\t\t\t<\/figure>\n\t\t\t\t\t\t\t\t\t<\/div>\n\t\t\t\t<\/div>\n\t\t\t\t<div class=\"elementor-element elementor-element-3a4d950 elementor-widget elementor-widget-image\" data-id=\"3a4d950\" data-element_type=\"widget\" data-e-type=\"widget\" data-widget_type=\"image.default\">\n\t\t\t\t<div class=\"elementor-widget-container\">\n\t\t\t\t\t\t\t\t\t\t\t\t<figure class=\"wp-caption\">\n\t\t\t\t\t\t\t\t\t\t\t<a href=\"https:\/\/altosjuniors.fr\/concours\/index.php\/lieu\/\">\n\t\t\t\t\t\t\t<img decoding=\"async\" width=\"256\" height=\"98\" src=\"https:\/\/altosjuniors.fr\/concours\/wp-content\/uploads\/2024\/10\/icone-Alto-trans.png\" class=\"attachment-large size-large wp-image-297\" alt=\"\" \/>\t\t\t\t\t\t\t\t<\/a>\n\t\t\t\t\t\t\t\t\t\t\t<figcaption class=\"widget-image-caption wp-caption-text\">Lieu du concours<\/figcaption>\n\t\t\t\t\t\t\t\t\t\t<\/figure>\n\t\t\t\t\t\t\t\t\t<\/div>\n\t\t\t\t<\/div>\n\t\t\t\t\t<\/div>\n\t\t\t\t<\/div>\n\t\t\t\t<\/div>\n\t\t","protected":false},"excerpt":{"rendered":"<p>Concours d&rsquo;alto Pierre Lefebvre Formulaire 2025 Merci de remplir ce formulaire. Notez que l&rsquo;inscription ne sera valide qu&rsquo;apr\u00e8s r\u00e9ception des droits d&rsquo;inscription d&rsquo;un montant de 30\u20ac. A l&rsquo;ordre de : Les Altos du Grand Sud-Ouest \u00e0: Concours Pierre Lefebvre 101 route du Grezet 47430 Sainte Marthe &nbsp; Accueil Liste des morceaux Lieu du concours<\/p>\n","protected":false},"author":1,"featured_media":0,"parent":0,"menu_order":0,"comment_status":"closed","ping_status":"closed","template":"","meta":{"footnotes":""},"class_list":["post-97","page","type-page","status-publish","hentry"],"yoast_head":"<!-- This site is optimized with the Yoast SEO plugin v27.5 - https:\/\/yoast.com\/product\/yoast-seo-wordpress\/ -->\n<title>Formulaire en ligne - Concours d&#039;Alto Pierre Lefebvre<\/title>\n<meta name=\"robots\" content=\"index, follow, max-snippet:-1, max-image-preview:large, max-video-preview:-1\" \/>\n<link rel=\"canonical\" href=\"https:\/\/altosjuniors.fr\/concours\/index.php\/formulaire\/\" \/>\n<meta property=\"og:locale\" content=\"fr_FR\" \/>\n<meta property=\"og:type\" content=\"article\" \/>\n<meta property=\"og:title\" content=\"Formulaire en ligne - Concours d&#039;Alto Pierre Lefebvre\" \/>\n<meta property=\"og:description\" content=\"Concours d&rsquo;alto Pierre Lefebvre Formulaire 2025 Merci de remplir ce formulaire. Notez que l&rsquo;inscription ne sera valide qu&rsquo;apr\u00e8s r\u00e9ception des droits d&rsquo;inscription d&rsquo;un montant de 30\u20ac. A l&rsquo;ordre de : Les Altos du Grand Sud-Ouest \u00e0: Concours Pierre Lefebvre 101 route du Grezet 47430 Sainte Marthe &nbsp; Accueil Liste des morceaux Lieu du concours\" \/>\n<meta property=\"og:url\" content=\"https:\/\/altosjuniors.fr\/concours\/index.php\/formulaire\/\" \/>\n<meta property=\"og:site_name\" content=\"Concours d&#039;Alto Pierre Lefebvre\" \/>\n<meta property=\"article:modified_time\" content=\"2024-11-10T18:14:37+00:00\" \/>\n<meta property=\"og:image\" content=\"http:\/\/altosjuniors.fr\/concours\/wp-content\/uploads\/2024\/10\/icone-Alto-trans.png\" \/>\n<meta name=\"twitter:card\" content=\"summary_large_image\" \/>\n<meta name=\"twitter:label1\" content=\"Dur\u00e9e de lecture estim\u00e9e\" \/>\n\t<meta name=\"twitter:data1\" content=\"1 minute\" \/>\n<script type=\"application\/ld+json\" class=\"yoast-schema-graph\">{\"@context\":\"https:\\\/\\\/schema.org\",\"@graph\":[{\"@type\":\"WebPage\",\"@id\":\"https:\\\/\\\/altosjuniors.fr\\\/concours\\\/index.php\\\/formulaire\\\/\",\"url\":\"https:\\\/\\\/altosjuniors.fr\\\/concours\\\/index.php\\\/formulaire\\\/\",\"name\":\"Formulaire en ligne - Concours d&#039;Alto Pierre Lefebvre\",\"isPartOf\":{\"@id\":\"https:\\\/\\\/altosjuniors.fr\\\/concours\\\/#website\"},\"primaryImageOfPage\":{\"@id\":\"https:\\\/\\\/altosjuniors.fr\\\/concours\\\/index.php\\\/formulaire\\\/#primaryimage\"},\"image\":{\"@id\":\"https:\\\/\\\/altosjuniors.fr\\\/concours\\\/index.php\\\/formulaire\\\/#primaryimage\"},\"thumbnailUrl\":\"http:\\\/\\\/altosjuniors.fr\\\/concours\\\/wp-content\\\/uploads\\\/2024\\\/10\\\/icone-Alto-trans.png\",\"datePublished\":\"2024-10-27T18:49:42+00:00\",\"dateModified\":\"2024-11-10T18:14:37+00:00\",\"breadcrumb\":{\"@id\":\"https:\\\/\\\/altosjuniors.fr\\\/concours\\\/index.php\\\/formulaire\\\/#breadcrumb\"},\"inLanguage\":\"fr-FR\",\"potentialAction\":[{\"@type\":\"ReadAction\",\"target\":[\"https:\\\/\\\/altosjuniors.fr\\\/concours\\\/index.php\\\/formulaire\\\/\"]}]},{\"@type\":\"ImageObject\",\"inLanguage\":\"fr-FR\",\"@id\":\"https:\\\/\\\/altosjuniors.fr\\\/concours\\\/index.php\\\/formulaire\\\/#primaryimage\",\"url\":\"https:\\\/\\\/altosjuniors.fr\\\/concours\\\/wp-content\\\/uploads\\\/2024\\\/10\\\/icone-Alto-trans.png\",\"contentUrl\":\"https:\\\/\\\/altosjuniors.fr\\\/concours\\\/wp-content\\\/uploads\\\/2024\\\/10\\\/icone-Alto-trans.png\",\"width\":256,\"height\":98},{\"@type\":\"BreadcrumbList\",\"@id\":\"https:\\\/\\\/altosjuniors.fr\\\/concours\\\/index.php\\\/formulaire\\\/#breadcrumb\",\"itemListElement\":[{\"@type\":\"ListItem\",\"position\":1,\"name\":\"Accueil\",\"item\":\"https:\\\/\\\/altosjuniors.fr\\\/concours\\\/\"},{\"@type\":\"ListItem\",\"position\":2,\"name\":\"Formulaire en ligne\"}]},{\"@type\":\"WebSite\",\"@id\":\"https:\\\/\\\/altosjuniors.fr\\\/concours\\\/#website\",\"url\":\"https:\\\/\\\/altosjuniors.fr\\\/concours\\\/\",\"name\":\"Concours d'Alto Pierre Lefebvre\",\"description\":\"Vive l&#039;ALTO !\",\"publisher\":{\"@id\":\"https:\\\/\\\/altosjuniors.fr\\\/concours\\\/#organization\"},\"alternateName\":\"Apparailly\",\"potentialAction\":[{\"@type\":\"SearchAction\",\"target\":{\"@type\":\"EntryPoint\",\"urlTemplate\":\"https:\\\/\\\/altosjuniors.fr\\\/concours\\\/?s={search_term_string}\"},\"query-input\":{\"@type\":\"PropertyValueSpecification\",\"valueRequired\":true,\"valueName\":\"search_term_string\"}}],\"inLanguage\":\"fr-FR\"},{\"@type\":\"Organization\",\"@id\":\"https:\\\/\\\/altosjuniors.fr\\\/concours\\\/#organization\",\"name\":\"Concours d'Alto Pierre Lefebvre\",\"alternateName\":\"Apparailly\",\"url\":\"https:\\\/\\\/altosjuniors.fr\\\/concours\\\/\",\"logo\":{\"@type\":\"ImageObject\",\"inLanguage\":\"fr-FR\",\"@id\":\"https:\\\/\\\/altosjuniors.fr\\\/concours\\\/#\\\/schema\\\/logo\\\/image\\\/\",\"url\":\"https:\\\/\\\/altosjuniors.fr\\\/concours\\\/wp-content\\\/uploads\\\/2024\\\/10\\\/Logo.png\",\"contentUrl\":\"https:\\\/\\\/altosjuniors.fr\\\/concours\\\/wp-content\\\/uploads\\\/2024\\\/10\\\/Logo.png\",\"width\":534,\"height\":534,\"caption\":\"Concours d'Alto Pierre Lefebvre\"},\"image\":{\"@id\":\"https:\\\/\\\/altosjuniors.fr\\\/concours\\\/#\\\/schema\\\/logo\\\/image\\\/\"}}]}<\/script>\n<!-- \/ Yoast SEO plugin. -->","yoast_head_json":{"title":"Formulaire en ligne - Concours d&#039;Alto Pierre Lefebvre","robots":{"index":"index","follow":"follow","max-snippet":"max-snippet:-1","max-image-preview":"max-image-preview:large","max-video-preview":"max-video-preview:-1"},"canonical":"https:\/\/altosjuniors.fr\/concours\/index.php\/formulaire\/","og_locale":"fr_FR","og_type":"article","og_title":"Formulaire en ligne - Concours d&#039;Alto Pierre Lefebvre","og_description":"Concours d&rsquo;alto Pierre Lefebvre Formulaire 2025 Merci de remplir ce formulaire. Notez que l&rsquo;inscription ne sera valide qu&rsquo;apr\u00e8s r\u00e9ception des droits d&rsquo;inscription d&rsquo;un montant de 30\u20ac. A l&rsquo;ordre de : Les Altos du Grand Sud-Ouest \u00e0: Concours Pierre Lefebvre 101 route du Grezet 47430 Sainte Marthe &nbsp; Accueil Liste des morceaux Lieu du concours","og_url":"https:\/\/altosjuniors.fr\/concours\/index.php\/formulaire\/","og_site_name":"Concours d&#039;Alto Pierre Lefebvre","article_modified_time":"2024-11-10T18:14:37+00:00","og_image":[{"url":"http:\/\/altosjuniors.fr\/concours\/wp-content\/uploads\/2024\/10\/icone-Alto-trans.png","type":"","width":"","height":""}],"twitter_card":"summary_large_image","twitter_misc":{"Dur\u00e9e de lecture estim\u00e9e":"1 minute"},"schema":{"@context":"https:\/\/schema.org","@graph":[{"@type":"WebPage","@id":"https:\/\/altosjuniors.fr\/concours\/index.php\/formulaire\/","url":"https:\/\/altosjuniors.fr\/concours\/index.php\/formulaire\/","name":"Formulaire en ligne - Concours d&#039;Alto Pierre Lefebvre","isPartOf":{"@id":"https:\/\/altosjuniors.fr\/concours\/#website"},"primaryImageOfPage":{"@id":"https:\/\/altosjuniors.fr\/concours\/index.php\/formulaire\/#primaryimage"},"image":{"@id":"https:\/\/altosjuniors.fr\/concours\/index.php\/formulaire\/#primaryimage"},"thumbnailUrl":"http:\/\/altosjuniors.fr\/concours\/wp-content\/uploads\/2024\/10\/icone-Alto-trans.png","datePublished":"2024-10-27T18:49:42+00:00","dateModified":"2024-11-10T18:14:37+00:00","breadcrumb":{"@id":"https:\/\/altosjuniors.fr\/concours\/index.php\/formulaire\/#breadcrumb"},"inLanguage":"fr-FR","potentialAction":[{"@type":"ReadAction","target":["https:\/\/altosjuniors.fr\/concours\/index.php\/formulaire\/"]}]},{"@type":"ImageObject","inLanguage":"fr-FR","@id":"https:\/\/altosjuniors.fr\/concours\/index.php\/formulaire\/#primaryimage","url":"https:\/\/altosjuniors.fr\/concours\/wp-content\/uploads\/2024\/10\/icone-Alto-trans.png","contentUrl":"https:\/\/altosjuniors.fr\/concours\/wp-content\/uploads\/2024\/10\/icone-Alto-trans.png","width":256,"height":98},{"@type":"BreadcrumbList","@id":"https:\/\/altosjuniors.fr\/concours\/index.php\/formulaire\/#breadcrumb","itemListElement":[{"@type":"ListItem","position":1,"name":"Accueil","item":"https:\/\/altosjuniors.fr\/concours\/"},{"@type":"ListItem","position":2,"name":"Formulaire en ligne"}]},{"@type":"WebSite","@id":"https:\/\/altosjuniors.fr\/concours\/#website","url":"https:\/\/altosjuniors.fr\/concours\/","name":"Concours d'Alto Pierre Lefebvre","description":"Vive l&#039;ALTO !","publisher":{"@id":"https:\/\/altosjuniors.fr\/concours\/#organization"},"alternateName":"Apparailly","potentialAction":[{"@type":"SearchAction","target":{"@type":"EntryPoint","urlTemplate":"https:\/\/altosjuniors.fr\/concours\/?s={search_term_string}"},"query-input":{"@type":"PropertyValueSpecification","valueRequired":true,"valueName":"search_term_string"}}],"inLanguage":"fr-FR"},{"@type":"Organization","@id":"https:\/\/altosjuniors.fr\/concours\/#organization","name":"Concours d'Alto Pierre Lefebvre","alternateName":"Apparailly","url":"https:\/\/altosjuniors.fr\/concours\/","logo":{"@type":"ImageObject","inLanguage":"fr-FR","@id":"https:\/\/altosjuniors.fr\/concours\/#\/schema\/logo\/image\/","url":"https:\/\/altosjuniors.fr\/concours\/wp-content\/uploads\/2024\/10\/Logo.png","contentUrl":"https:\/\/altosjuniors.fr\/concours\/wp-content\/uploads\/2024\/10\/Logo.png","width":534,"height":534,"caption":"Concours d'Alto Pierre Lefebvre"},"image":{"@id":"https:\/\/altosjuniors.fr\/concours\/#\/schema\/logo\/image\/"}}]}},"_links":{"self":[{"href":"https:\/\/altosjuniors.fr\/concours\/index.php\/wp-json\/wp\/v2\/pages\/97","targetHints":{"allow":["GET"]}}],"collection":[{"href":"https:\/\/altosjuniors.fr\/concours\/index.php\/wp-json\/wp\/v2\/pages"}],"about":[{"href":"https:\/\/altosjuniors.fr\/concours\/index.php\/wp-json\/wp\/v2\/types\/page"}],"author":[{"embeddable":true,"href":"https:\/\/altosjuniors.fr\/concours\/index.php\/wp-json\/wp\/v2\/users\/1"}],"replies":[{"embeddable":true,"href":"https:\/\/altosjuniors.fr\/concours\/index.php\/wp-json\/wp\/v2\/comments?post=97"}],"version-history":[{"count":30,"href":"https:\/\/altosjuniors.fr\/concours\/index.php\/wp-json\/wp\/v2\/pages\/97\/revisions"}],"predecessor-version":[{"id":417,"href":"https:\/\/altosjuniors.fr\/concours\/index.php\/wp-json\/wp\/v2\/pages\/97\/revisions\/417"}],"wp:attachment":[{"href":"https:\/\/altosjuniors.fr\/concours\/index.php\/wp-json\/wp\/v2\/media?parent=97"}],"curies":[{"name":"wp","href":"https:\/\/api.w.org\/{rel}","templated":true}]}}