{"id":576,"date":"2025-03-20T11:21:33","date_gmt":"2025-03-20T10:21:33","guid":{"rendered":"https:\/\/altosjuniors.fr\/concours\/?page_id=576"},"modified":"2025-03-30T22:51:35","modified_gmt":"2025-03-30T20:51:35","slug":"horaire-piano","status":"publish","type":"page","link":"https:\/\/altosjuniors.fr\/concours\/index.php\/horaire-piano\/","title":{"rendered":"Horaire Piano"},"content":{"rendered":"\t\t<div data-elementor-type=\"wp-page\" data-elementor-id=\"576\" class=\"elementor elementor-576\">\n\t\t\t\t<div class=\"elementor-element elementor-element-cf37d1c e-flex e-con-boxed e-con e-parent\" data-id=\"cf37d1c\" data-element_type=\"container\" data-e-type=\"container\">\n\t\t\t\t\t<div class=\"e-con-inner\">\n\t\t\t\t<div class=\"elementor-element elementor-element-9eb493d elementor-widget elementor-widget-text-editor\" data-id=\"9eb493d\" data-element_type=\"widget\" data-e-type=\"widget\" data-widget_type=\"text-editor.default\">\n\t\t\t\t<div class=\"elementor-widget-container\">\n\t\t\t\t\t\t\t\t\t<p><strong>Horaire de passage par ann\u00e9e<\/strong><\/p><p><em>(des modifications peuvent se faire sur place. Merci)<\/em><\/p>\t\t\t\t\t\t\t\t<\/div>\n\t\t\t\t<\/div>\n\t\t\t\t<div class=\"elementor-element elementor-element-dac5ab5 elementor-widget elementor-widget-text-editor\" data-id=\"dac5ab5\" data-element_type=\"widget\" data-e-type=\"widget\" data-widget_type=\"text-editor.default\">\n\t\t\t\t<div class=\"elementor-widget-container\">\n\t\t\t\t\t\t\t\t\t<p>1\u00e8re ann\u00e9e 10h00<\/p><p>2\u00e8me ann\u00e9e 10h20<\/p><p>3\u00e8me ann\u00e9e 10h40<\/p><p>4\u00e8me ann\u00e9e 11h00<\/p><p>5\u00e8me ann\u00e9e 11h15<\/p><p><em>6\u00e8me ann\u00e9e<\/em><\/p><p>7\u00e8me ann\u00e9e 11h30<\/p><p>8\u00e8me ann\u00e9e 14h00<\/p><p>9\u00e8me ann\u00e9e 14h05<\/p><p>10\u00e8me ann\u00e9e 14h30<\/p><p>Remise des prix 16h00<\/p>\t\t\t\t\t\t\t\t<\/div>\n\t\t\t\t<\/div>\n\t\t\t\t\t<\/div>\n\t\t\t\t<\/div>\n\t\t<div class=\"elementor-element elementor-element-5177ee5 e-flex e-con-boxed e-con e-parent\" data-id=\"5177ee5\" data-element_type=\"container\" data-e-type=\"container\">\n\t\t\t\t\t<div class=\"e-con-inner\">\n\t\t\t\t<div class=\"elementor-element elementor-element-efa5548 elementor-widget elementor-widget-text-editor\" data-id=\"efa5548\" data-element_type=\"widget\" data-e-type=\"widget\" data-widget_type=\"text-editor.default\">\n\t\t\t\t<div class=\"elementor-widget-container\">\n\t\t\t\t\t\t\t\t\t<p><strong>Horaire de r\u00e9p\u00e9tition avec piano<\/strong><\/p><p><em>Pour les niveaux <strong>8-9-10<\/strong>\u00e8me ann\u00e9e sur r\u00e9servation<\/em>.<\/p><p>11h00\u00a0:\u00a0 SEPHONS Robin<\/p><p>11h15 :\u00a0 MICHEL Lucie<\/p>\t\t\t\t\t\t\t\t<\/div>\n\t\t\t\t<\/div>\n\t\t\t\t\t<\/div>\n\t\t\t\t<\/div>\n\t\t\t\t<\/div>\n\t\t","protected":false},"excerpt":{"rendered":"<p>Horaire de passage par ann\u00e9e (des modifications peuvent se faire sur place. Merci) 1\u00e8re ann\u00e9e 10h00 2\u00e8me ann\u00e9e 10h20 3\u00e8me ann\u00e9e 10h40 4\u00e8me ann\u00e9e 11h00 5\u00e8me ann\u00e9e 11h15 6\u00e8me ann\u00e9e 7\u00e8me ann\u00e9e 11h30 8\u00e8me ann\u00e9e 14h00 9\u00e8me ann\u00e9e 14h05 10\u00e8me ann\u00e9e 14h30 Remise des prix 16h00 Horaire de r\u00e9p\u00e9tition avec piano Pour les niveaux 8-9-10\u00e8me [&hellip;]<\/p>\n","protected":false},"author":1,"featured_media":0,"parent":0,"menu_order":0,"comment_status":"closed","ping_status":"closed","template":"","meta":{"footnotes":""},"class_list":["post-576","page","type-page","status-publish","hentry"],"yoast_head":"<!-- This site is optimized with the Yoast SEO plugin v27.5 - https:\/\/yoast.com\/product\/yoast-seo-wordpress\/ -->\n<title>Horaire Piano - Concours d&#039;Alto Pierre Lefebvre<\/title>\n<meta name=\"robots\" content=\"index, follow, max-snippet:-1, max-image-preview:large, max-video-preview:-1\" \/>\n<link rel=\"canonical\" href=\"https:\/\/altosjuniors.fr\/concours\/index.php\/horaire-piano\/\" \/>\n<meta property=\"og:locale\" content=\"fr_FR\" \/>\n<meta property=\"og:type\" content=\"article\" \/>\n<meta property=\"og:title\" content=\"Horaire Piano - Concours d&#039;Alto Pierre Lefebvre\" \/>\n<meta property=\"og:description\" content=\"Horaire de passage par ann\u00e9e (des modifications peuvent se faire sur place. Merci) 1\u00e8re ann\u00e9e 10h00 2\u00e8me ann\u00e9e 10h20 3\u00e8me ann\u00e9e 10h40 4\u00e8me ann\u00e9e 11h00 5\u00e8me ann\u00e9e 11h15 6\u00e8me ann\u00e9e 7\u00e8me ann\u00e9e 11h30 8\u00e8me ann\u00e9e 14h00 9\u00e8me ann\u00e9e 14h05 10\u00e8me ann\u00e9e 14h30 Remise des prix 16h00 Horaire de r\u00e9p\u00e9tition avec piano Pour les niveaux 8-9-10\u00e8me [&hellip;]\" \/>\n<meta property=\"og:url\" content=\"https:\/\/altosjuniors.fr\/concours\/index.php\/horaire-piano\/\" \/>\n<meta property=\"og:site_name\" content=\"Concours d&#039;Alto Pierre Lefebvre\" \/>\n<meta property=\"article:modified_time\" content=\"2025-03-30T20:51:35+00:00\" \/>\n<meta property=\"og:image\" content=\"https:\/\/altosjuniors.fr\/concours\/wp-content\/uploads\/2024\/10\/Banniere-1-SEO.png\" \/>\n\t<meta property=\"og:image:width\" content=\"1200\" \/>\n\t<meta property=\"og:image:height\" content=\"354\" \/>\n\t<meta property=\"og:image:type\" content=\"image\/png\" \/>\n<meta name=\"twitter:card\" content=\"summary_large_image\" \/>\n<meta name=\"twitter:label1\" content=\"Dur\u00e9e de lecture estim\u00e9e\" \/>\n\t<meta name=\"twitter:data1\" content=\"1 minute\" \/>\n<script type=\"application\/ld+json\" class=\"yoast-schema-graph\">{\"@context\":\"https:\\\/\\\/schema.org\",\"@graph\":[{\"@type\":\"WebPage\",\"@id\":\"https:\\\/\\\/altosjuniors.fr\\\/concours\\\/index.php\\\/horaire-piano\\\/\",\"url\":\"https:\\\/\\\/altosjuniors.fr\\\/concours\\\/index.php\\\/horaire-piano\\\/\",\"name\":\"Horaire Piano - Concours d&#039;Alto Pierre Lefebvre\",\"isPartOf\":{\"@id\":\"https:\\\/\\\/altosjuniors.fr\\\/concours\\\/#website\"},\"datePublished\":\"2025-03-20T10:21:33+00:00\",\"dateModified\":\"2025-03-30T20:51:35+00:00\",\"breadcrumb\":{\"@id\":\"https:\\\/\\\/altosjuniors.fr\\\/concours\\\/index.php\\\/horaire-piano\\\/#breadcrumb\"},\"inLanguage\":\"fr-FR\",\"potentialAction\":[{\"@type\":\"ReadAction\",\"target\":[\"https:\\\/\\\/altosjuniors.fr\\\/concours\\\/index.php\\\/horaire-piano\\\/\"]}]},{\"@type\":\"BreadcrumbList\",\"@id\":\"https:\\\/\\\/altosjuniors.fr\\\/concours\\\/index.php\\\/horaire-piano\\\/#breadcrumb\",\"itemListElement\":[{\"@type\":\"ListItem\",\"position\":1,\"name\":\"Accueil\",\"item\":\"https:\\\/\\\/altosjuniors.fr\\\/concours\\\/\"},{\"@type\":\"ListItem\",\"position\":2,\"name\":\"Horaire Piano\"}]},{\"@type\":\"WebSite\",\"@id\":\"https:\\\/\\\/altosjuniors.fr\\\/concours\\\/#website\",\"url\":\"https:\\\/\\\/altosjuniors.fr\\\/concours\\\/\",\"name\":\"Concours d'Alto Pierre Lefebvre\",\"description\":\"Vive l&#039;ALTO !\",\"publisher\":{\"@id\":\"https:\\\/\\\/altosjuniors.fr\\\/concours\\\/#organization\"},\"alternateName\":\"Apparailly\",\"potentialAction\":[{\"@type\":\"SearchAction\",\"target\":{\"@type\":\"EntryPoint\",\"urlTemplate\":\"https:\\\/\\\/altosjuniors.fr\\\/concours\\\/?s={search_term_string}\"},\"query-input\":{\"@type\":\"PropertyValueSpecification\",\"valueRequired\":true,\"valueName\":\"search_term_string\"}}],\"inLanguage\":\"fr-FR\"},{\"@type\":\"Organization\",\"@id\":\"https:\\\/\\\/altosjuniors.fr\\\/concours\\\/#organization\",\"name\":\"Concours d'Alto Pierre Lefebvre\",\"alternateName\":\"Apparailly\",\"url\":\"https:\\\/\\\/altosjuniors.fr\\\/concours\\\/\",\"logo\":{\"@type\":\"ImageObject\",\"inLanguage\":\"fr-FR\",\"@id\":\"https:\\\/\\\/altosjuniors.fr\\\/concours\\\/#\\\/schema\\\/logo\\\/image\\\/\",\"url\":\"https:\\\/\\\/altosjuniors.fr\\\/concours\\\/wp-content\\\/uploads\\\/2024\\\/10\\\/Logo.png\",\"contentUrl\":\"https:\\\/\\\/altosjuniors.fr\\\/concours\\\/wp-content\\\/uploads\\\/2024\\\/10\\\/Logo.png\",\"width\":534,\"height\":534,\"caption\":\"Concours d'Alto Pierre Lefebvre\"},\"image\":{\"@id\":\"https:\\\/\\\/altosjuniors.fr\\\/concours\\\/#\\\/schema\\\/logo\\\/image\\\/\"}}]}<\/script>\n<!-- \/ Yoast SEO plugin. -->","yoast_head_json":{"title":"Horaire Piano - Concours d&#039;Alto Pierre Lefebvre","robots":{"index":"index","follow":"follow","max-snippet":"max-snippet:-1","max-image-preview":"max-image-preview:large","max-video-preview":"max-video-preview:-1"},"canonical":"https:\/\/altosjuniors.fr\/concours\/index.php\/horaire-piano\/","og_locale":"fr_FR","og_type":"article","og_title":"Horaire Piano - Concours d&#039;Alto Pierre Lefebvre","og_description":"Horaire de passage par ann\u00e9e (des modifications peuvent se faire sur place. Merci) 1\u00e8re ann\u00e9e 10h00 2\u00e8me ann\u00e9e 10h20 3\u00e8me ann\u00e9e 10h40 4\u00e8me ann\u00e9e 11h00 5\u00e8me ann\u00e9e 11h15 6\u00e8me ann\u00e9e 7\u00e8me ann\u00e9e 11h30 8\u00e8me ann\u00e9e 14h00 9\u00e8me ann\u00e9e 14h05 10\u00e8me ann\u00e9e 14h30 Remise des prix 16h00 Horaire de r\u00e9p\u00e9tition avec piano Pour les niveaux 8-9-10\u00e8me [&hellip;]","og_url":"https:\/\/altosjuniors.fr\/concours\/index.php\/horaire-piano\/","og_site_name":"Concours d&#039;Alto Pierre Lefebvre","article_modified_time":"2025-03-30T20:51:35+00:00","og_image":[{"width":1200,"height":354,"url":"https:\/\/altosjuniors.fr\/concours\/wp-content\/uploads\/2024\/10\/Banniere-1-SEO.png","type":"image\/png"}],"twitter_card":"summary_large_image","twitter_misc":{"Dur\u00e9e de lecture estim\u00e9e":"1 minute"},"schema":{"@context":"https:\/\/schema.org","@graph":[{"@type":"WebPage","@id":"https:\/\/altosjuniors.fr\/concours\/index.php\/horaire-piano\/","url":"https:\/\/altosjuniors.fr\/concours\/index.php\/horaire-piano\/","name":"Horaire Piano - Concours d&#039;Alto Pierre Lefebvre","isPartOf":{"@id":"https:\/\/altosjuniors.fr\/concours\/#website"},"datePublished":"2025-03-20T10:21:33+00:00","dateModified":"2025-03-30T20:51:35+00:00","breadcrumb":{"@id":"https:\/\/altosjuniors.fr\/concours\/index.php\/horaire-piano\/#breadcrumb"},"inLanguage":"fr-FR","potentialAction":[{"@type":"ReadAction","target":["https:\/\/altosjuniors.fr\/concours\/index.php\/horaire-piano\/"]}]},{"@type":"BreadcrumbList","@id":"https:\/\/altosjuniors.fr\/concours\/index.php\/horaire-piano\/#breadcrumb","itemListElement":[{"@type":"ListItem","position":1,"name":"Accueil","item":"https:\/\/altosjuniors.fr\/concours\/"},{"@type":"ListItem","position":2,"name":"Horaire Piano"}]},{"@type":"WebSite","@id":"https:\/\/altosjuniors.fr\/concours\/#website","url":"https:\/\/altosjuniors.fr\/concours\/","name":"Concours d'Alto Pierre Lefebvre","description":"Vive l&#039;ALTO !","publisher":{"@id":"https:\/\/altosjuniors.fr\/concours\/#organization"},"alternateName":"Apparailly","potentialAction":[{"@type":"SearchAction","target":{"@type":"EntryPoint","urlTemplate":"https:\/\/altosjuniors.fr\/concours\/?s={search_term_string}"},"query-input":{"@type":"PropertyValueSpecification","valueRequired":true,"valueName":"search_term_string"}}],"inLanguage":"fr-FR"},{"@type":"Organization","@id":"https:\/\/altosjuniors.fr\/concours\/#organization","name":"Concours d'Alto Pierre Lefebvre","alternateName":"Apparailly","url":"https:\/\/altosjuniors.fr\/concours\/","logo":{"@type":"ImageObject","inLanguage":"fr-FR","@id":"https:\/\/altosjuniors.fr\/concours\/#\/schema\/logo\/image\/","url":"https:\/\/altosjuniors.fr\/concours\/wp-content\/uploads\/2024\/10\/Logo.png","contentUrl":"https:\/\/altosjuniors.fr\/concours\/wp-content\/uploads\/2024\/10\/Logo.png","width":534,"height":534,"caption":"Concours d'Alto Pierre Lefebvre"},"image":{"@id":"https:\/\/altosjuniors.fr\/concours\/#\/schema\/logo\/image\/"}}]}},"_links":{"self":[{"href":"https:\/\/altosjuniors.fr\/concours\/index.php\/wp-json\/wp\/v2\/pages\/576","targetHints":{"allow":["GET"]}}],"collection":[{"href":"https:\/\/altosjuniors.fr\/concours\/index.php\/wp-json\/wp\/v2\/pages"}],"about":[{"href":"https:\/\/altosjuniors.fr\/concours\/index.php\/wp-json\/wp\/v2\/types\/page"}],"author":[{"embeddable":true,"href":"https:\/\/altosjuniors.fr\/concours\/index.php\/wp-json\/wp\/v2\/users\/1"}],"replies":[{"embeddable":true,"href":"https:\/\/altosjuniors.fr\/concours\/index.php\/wp-json\/wp\/v2\/comments?post=576"}],"version-history":[{"count":37,"href":"https:\/\/altosjuniors.fr\/concours\/index.php\/wp-json\/wp\/v2\/pages\/576\/revisions"}],"predecessor-version":[{"id":642,"href":"https:\/\/altosjuniors.fr\/concours\/index.php\/wp-json\/wp\/v2\/pages\/576\/revisions\/642"}],"wp:attachment":[{"href":"https:\/\/altosjuniors.fr\/concours\/index.php\/wp-json\/wp\/v2\/media?parent=576"}],"curies":[{"name":"wp","href":"https:\/\/api.w.org\/{rel}","templated":true}]}}