{"id":43,"date":"2024-10-27T16:58:20","date_gmt":"2024-10-27T15:58:20","guid":{"rendered":"http:\/\/altosjuniors.fr\/concours\/?page_id=43"},"modified":"2025-03-30T23:01:35","modified_gmt":"2025-03-30T21:01:35","slug":"bonjour-les-altistes","status":"publish","type":"page","link":"https:\/\/altosjuniors.fr\/concours\/","title":{"rendered":"Bonjour les altistes !"},"content":{"rendered":"\t\t<div data-elementor-type=\"wp-page\" data-elementor-id=\"43\" class=\"elementor elementor-43\">\n\t\t\t\t<div class=\"elementor-element elementor-element-9cad112 e-flex e-con-boxed e-con e-parent\" data-id=\"9cad112\" data-element_type=\"container\" data-e-type=\"container\">\n\t\t\t\t\t<div class=\"e-con-inner\">\n\t\t\t\t<div class=\"elementor-element elementor-element-508664e elementor-widget elementor-widget-text-editor\" data-id=\"508664e\" data-element_type=\"widget\" data-e-type=\"widget\" data-widget_type=\"text-editor.default\">\n\t\t\t\t<div class=\"elementor-widget-container\">\n\t\t\t\t\t\t\t\t\t<p><a href=\"https:\/\/altosjuniors.fr\/concours\/index.php\/horaire-piano\/\">Horaire du concours<\/a><\/p><p><a href=\"http:\/\/Dimanche 06 Avril 2025\" data-wplink-url-error=\"true\"><strong>Dimanche 06 Avril 2025<\/strong><\/a><\/p>\t\t\t\t\t\t\t\t<\/div>\n\t\t\t\t<\/div>\n\t\t\t\t\t<\/div>\n\t\t\t\t<\/div>\n\t\t<div class=\"elementor-element elementor-element-bccbfbd e-flex e-con-boxed e-con e-parent\" data-id=\"bccbfbd\" data-element_type=\"container\" data-e-type=\"container\">\n\t\t\t\t\t<div class=\"e-con-inner\">\n\t\t\t\t<div class=\"elementor-element elementor-element-b03bf71 elementor-widget elementor-widget-heading\" data-id=\"b03bf71\" data-element_type=\"widget\" data-e-type=\"widget\" data-widget_type=\"heading.default\">\n\t\t\t\t<div class=\"elementor-widget-container\">\n\t\t\t\t\t<h2 class=\"elementor-heading-title elementor-size-default\">Bonjour les Altistes !<\/h2>\t\t\t\t<\/div>\n\t\t\t\t<\/div>\n\t\t\t\t\t<\/div>\n\t\t\t\t<\/div>\n\t\t<div class=\"elementor-element elementor-element-5117568 e-grid e-con-boxed e-con e-parent\" data-id=\"5117568\" data-element_type=\"container\" data-e-type=\"container\">\n\t\t\t\t\t<div class=\"e-con-inner\">\n\t\t\t\t<div class=\"elementor-element elementor-element-0f00b27 elementor-widget__width-initial elementor-widget elementor-widget-image\" data-id=\"0f00b27\" data-element_type=\"widget\" data-e-type=\"widget\" data-widget_type=\"image.default\">\n\t\t\t\t<div class=\"elementor-widget-container\">\n\t\t\t\t\t\t\t\t\t\t\t\t\t\t\t\t<a href=\"https:\/\/altosjuniors.fr\/concours\/index.php\/programme-2025\/\">\n\t\t\t\t\t\t\t<img decoding=\"async\" width=\"129\" height=\"63\" src=\"https:\/\/altosjuniors.fr\/concours\/wp-content\/uploads\/2024\/10\/Morceaux.png\" class=\"attachment-1536x1536 size-1536x1536 wp-image-355\" alt=\"\" \/>\t\t\t\t\t\t\t\t<\/a>\n\t\t\t\t\t\t\t\t\t\t\t\t\t\t\t<\/div>\n\t\t\t\t<\/div>\n\t\t\t\t<div class=\"elementor-element elementor-element-9d2a74f elementor-widget__width-auto elementor-widget elementor-widget-text-editor\" data-id=\"9d2a74f\" data-element_type=\"widget\" data-e-type=\"widget\" data-widget_type=\"text-editor.default\">\n\t\t\t\t<div class=\"elementor-widget-container\">\n\t\t\t\t\t\t\t\t\t<h3><a href=\"https:\/\/altosjuniors.fr\/concours\/index.php\/programme-2025\/\"><span style=\"text-decoration: underline;\"><strong>Programe 2025<\/strong><\/span><\/a><\/h3>\t\t\t\t\t\t\t\t<\/div>\n\t\t\t\t<\/div>\n\t\t\t\t\t<\/div>\n\t\t\t\t<\/div>\n\t\t<div class=\"elementor-element elementor-element-ed83909 e-flex e-con-boxed e-con e-parent\" data-id=\"ed83909\" data-element_type=\"container\" data-e-type=\"container\">\n\t\t\t\t\t<div class=\"e-con-inner\">\n\t\t\t\t<div class=\"elementor-element elementor-element-8080fea elementor-widget elementor-widget-text-editor\" data-id=\"8080fea\" data-element_type=\"widget\" data-e-type=\"widget\" data-widget_type=\"text-editor.default\">\n\t\t\t\t<div class=\"elementor-widget-container\">\n\t\t\t\t\t\t\t\t\t<p>Nous sommes heureux de vous annoncer la reprise de n\u00f4tre<\/p><p>28\u00e8me Concours d&rsquo; Alto Pierre Lefebvre<\/p><p>Il s&rsquo;agit de se retrouver sur une journ\u00e9e pour \u00e9changer entre \u00e9l\u00e8ves et professeurs autour de notre passion : L&rsquo; ALTO !<\/p><p>Chaque \u00e9l\u00e8ve de conservatoire ou d&rsquo;\u00e9cole de musique doit pr\u00e9senter un morceau impos\u00e9.<\/p><p>Le candidat doit choisir avec son professeur dans quel niveau il se pr\u00e9sente (de la 1\u00e8re ann\u00e9e \u00e0 la 10\u00e8me ann\u00e9e) et pr\u00e9senter le morceau impos\u00e9 correspondant.<\/p><p>Chaque professeur qui pr\u00e9sente au minimum 1 \u00e9l\u00e8ve est de plein droit membre du jury. Cependant il ne vote pas pour son ou ses \u00e9l\u00e8ves.<\/p><p>La remise des prix est le moment privil\u00e9gi\u00e9 o\u00f9 les \u00e9l\u00e8ves peuvent \u00e9changer avec les professeurs pour avoir des retours sur leurs prestations.\u00a0<\/p>\t\t\t\t\t\t\t\t<\/div>\n\t\t\t\t<\/div>\n\t\t\t\t<div class=\"elementor-element elementor-element-83126b2 elementor-widget elementor-widget-text-editor\" data-id=\"83126b2\" data-element_type=\"widget\" data-e-type=\"widget\" data-widget_type=\"text-editor.default\">\n\t\t\t\t<div class=\"elementor-widget-container\">\n\t\t\t\t\t\t\t\t\t<p>Le bureau de l&rsquo;association \u00ab\u00a0Les Altos du Grand Sud-Ouest\u00a0\u00bb est compos\u00e9 de trois professeurs:<\/p><p>Val\u00e9rie Bime-Apparailly (Pr\u00e9sidente)<\/p><p>Myriam Guilhabeau (tr\u00e9sori\u00e8re)<\/p><p>Pascal Apparailly (secr\u00e9taire)<\/p><p>N&rsquo;h\u00e9sitez pas \u00e0 prendre contact avec nous <a href=\"https:\/\/altosjuniors.fr\/concours\/index.php\/contact\/\"><strong>ICI<\/strong><\/a><\/p>\t\t\t\t\t\t\t\t<\/div>\n\t\t\t\t<\/div>\n\t\t\t\t\t<\/div>\n\t\t\t\t<\/div>\n\t\t<div class=\"elementor-element elementor-element-aba9b28 e-grid e-con-boxed e-con e-parent\" data-id=\"aba9b28\" data-element_type=\"container\" data-e-type=\"container\">\n\t\t\t\t\t<div class=\"e-con-inner\">\n\t\t\t\t<div class=\"elementor-element elementor-element-fbf13fd elementor-widget elementor-widget-image\" data-id=\"fbf13fd\" data-element_type=\"widget\" data-e-type=\"widget\" data-widget_type=\"image.default\">\n\t\t\t\t<div class=\"elementor-widget-container\">\n\t\t\t\t\t\t\t\t\t\t\t\t<figure class=\"wp-caption\">\n\t\t\t\t\t\t\t\t\t\t\t<a href=\"https:\/\/altosjuniors.fr\/concours\/\">\n\t\t\t\t\t\t\t<img decoding=\"async\" width=\"256\" height=\"98\" src=\"https:\/\/altosjuniors.fr\/concours\/wp-content\/uploads\/2024\/10\/icone-Alto-trans.png\" class=\"attachment-large size-large wp-image-297\" alt=\"\" \/>\t\t\t\t\t\t\t\t<\/a>\n\t\t\t\t\t\t\t\t\t\t\t<figcaption class=\"widget-image-caption wp-caption-text\">Haut de page<\/figcaption>\n\t\t\t\t\t\t\t\t\t\t<\/figure>\n\t\t\t\t\t\t\t\t\t<\/div>\n\t\t\t\t<\/div>\n\t\t\t\t<div class=\"elementor-element elementor-element-cb8472b elementor-widget elementor-widget-image\" data-id=\"cb8472b\" data-element_type=\"widget\" data-e-type=\"widget\" data-widget_type=\"image.default\">\n\t\t\t\t<div class=\"elementor-widget-container\">\n\t\t\t\t\t\t\t\t\t\t\t\t<figure class=\"wp-caption\">\n\t\t\t\t\t\t\t\t\t\t\t<a href=\"https:\/\/altosjuniors.fr\/concours\/index.php\/formulaire\/\">\n\t\t\t\t\t\t\t<img decoding=\"async\" width=\"256\" height=\"98\" src=\"https:\/\/altosjuniors.fr\/concours\/wp-content\/uploads\/2024\/10\/icone-Alto-trans.png\" class=\"attachment-2048x2048 size-2048x2048 wp-image-297\" alt=\"\" \/>\t\t\t\t\t\t\t\t<\/a>\n\t\t\t\t\t\t\t\t\t\t\t<figcaption class=\"widget-image-caption wp-caption-text\">Inscription en ligne<\/figcaption>\n\t\t\t\t\t\t\t\t\t\t<\/figure>\n\t\t\t\t\t\t\t\t\t<\/div>\n\t\t\t\t<\/div>\n\t\t\t\t<div class=\"elementor-element elementor-element-6069095 elementor-widget elementor-widget-image\" data-id=\"6069095\" data-element_type=\"widget\" data-e-type=\"widget\" data-widget_type=\"image.default\">\n\t\t\t\t<div class=\"elementor-widget-container\">\n\t\t\t\t\t\t\t\t\t\t\t\t<figure class=\"wp-caption\">\n\t\t\t\t\t\t\t\t\t\t\t<a href=\"https:\/\/altosjuniors.fr\/concours\/index.php\/lieu\/\">\n\t\t\t\t\t\t\t<img decoding=\"async\" width=\"256\" height=\"98\" src=\"https:\/\/altosjuniors.fr\/concours\/wp-content\/uploads\/2024\/10\/icone-Alto-trans.png\" class=\"attachment-large size-large wp-image-297\" alt=\"\" \/>\t\t\t\t\t\t\t\t<\/a>\n\t\t\t\t\t\t\t\t\t\t\t<figcaption class=\"widget-image-caption wp-caption-text\">Lieu du concours<\/figcaption>\n\t\t\t\t\t\t\t\t\t\t<\/figure>\n\t\t\t\t\t\t\t\t\t<\/div>\n\t\t\t\t<\/div>\n\t\t\t\t\t<\/div>\n\t\t\t\t<\/div>\n\t\t<div class=\"elementor-element elementor-element-79d7596 e-grid e-con-boxed e-con e-parent\" data-id=\"79d7596\" data-element_type=\"container\" data-e-type=\"container\">\n\t\t\t\t\t<div class=\"e-con-inner\">\n\t\t\t\t<div class=\"elementor-element elementor-element-285f9cb elementor-widget elementor-widget-image\" data-id=\"285f9cb\" data-element_type=\"widget\" data-e-type=\"widget\" data-widget_type=\"image.default\">\n\t\t\t\t<div class=\"elementor-widget-container\">\n\t\t\t\t\t\t\t\t\t\t\t\t\t\t\t<img loading=\"lazy\" decoding=\"async\" width=\"709\" height=\"1024\" src=\"https:\/\/altosjuniors.fr\/concours\/wp-content\/uploads\/2025\/03\/Affiche-A-709x1024.png\" class=\"attachment-large size-large wp-image-569\" alt=\"Concours d&#039;alto Pierre Lefebvre\" srcset=\"https:\/\/altosjuniors.fr\/concours\/wp-content\/uploads\/2025\/03\/Affiche-A-709x1024.png 709w, https:\/\/altosjuniors.fr\/concours\/wp-content\/uploads\/2025\/03\/Affiche-A-208x300.png 208w, https:\/\/altosjuniors.fr\/concours\/wp-content\/uploads\/2025\/03\/Affiche-A-768x1110.png 768w, https:\/\/altosjuniors.fr\/concours\/wp-content\/uploads\/2025\/03\/Affiche-A-1063x1536.png 1063w, https:\/\/altosjuniors.fr\/concours\/wp-content\/uploads\/2025\/03\/Affiche-A.png 1170w\" sizes=\"(max-width: 709px) 100vw, 709px\" \/>\t\t\t\t\t\t\t\t\t\t\t\t\t\t\t<\/div>\n\t\t\t\t<\/div>\n\t\t\t\t<div class=\"elementor-element elementor-element-035674f elementor-widget elementor-widget-image\" data-id=\"035674f\" data-element_type=\"widget\" data-e-type=\"widget\" data-widget_type=\"image.default\">\n\t\t\t\t<div class=\"elementor-widget-container\">\n\t\t\t\t\t\t\t\t\t\t\t\t\t\t\t<img loading=\"lazy\" decoding=\"async\" width=\"266\" height=\"430\" src=\"https:\/\/altosjuniors.fr\/concours\/wp-content\/uploads\/2025\/03\/logo-Croquenotes.png\" class=\"attachment-large size-large wp-image-616\" alt=\"\" srcset=\"https:\/\/altosjuniors.fr\/concours\/wp-content\/uploads\/2025\/03\/logo-Croquenotes.png 266w, https:\/\/altosjuniors.fr\/concours\/wp-content\/uploads\/2025\/03\/logo-Croquenotes-186x300.png 186w\" sizes=\"(max-width: 266px) 100vw, 266px\" \/>\t\t\t\t\t\t\t\t\t\t\t\t\t\t\t<\/div>\n\t\t\t\t<\/div>\n\t\t\t\t\t<\/div>\n\t\t\t\t<\/div>\n\t\t\t\t<\/div>\n\t\t","protected":false},"excerpt":{"rendered":"<p>Horaire du concours Dimanche 06 Avril 2025 Bonjour les Altistes ! Programe 2025 Nous sommes heureux de vous annoncer la reprise de n\u00f4tre 28\u00e8me Concours d&rsquo; Alto Pierre Lefebvre Il s&rsquo;agit de se retrouver sur une journ\u00e9e pour \u00e9changer entre \u00e9l\u00e8ves et professeurs autour de notre passion : L&rsquo; ALTO ! Chaque \u00e9l\u00e8ve de conservatoire [&hellip;]<\/p>\n","protected":false},"author":1,"featured_media":0,"parent":0,"menu_order":0,"comment_status":"closed","ping_status":"closed","template":"page-large-header","meta":{"footnotes":""},"class_list":["post-43","page","type-page","status-publish","hentry"],"yoast_head":"<!-- This site is optimized with the Yoast SEO plugin v27.5 - https:\/\/yoast.com\/product\/yoast-seo-wordpress\/ -->\n<title>Bonjour les altistes ! - Concours d&#039;Alto Pierre Lefebvre<\/title>\n<meta name=\"robots\" content=\"index, follow, max-snippet:-1, max-image-preview:large, max-video-preview:-1\" \/>\n<link rel=\"canonical\" href=\"https:\/\/altosjuniors.fr\/concours\/\" \/>\n<meta property=\"og:locale\" content=\"fr_FR\" \/>\n<meta property=\"og:type\" content=\"article\" \/>\n<meta property=\"og:title\" content=\"Bonjour les altistes ! - Concours d&#039;Alto Pierre Lefebvre\" \/>\n<meta property=\"og:description\" content=\"Horaire du concours Dimanche 06 Avril 2025 Bonjour les Altistes ! Programe 2025 Nous sommes heureux de vous annoncer la reprise de n\u00f4tre 28\u00e8me Concours d&rsquo; Alto Pierre Lefebvre Il s&rsquo;agit de se retrouver sur une journ\u00e9e pour \u00e9changer entre \u00e9l\u00e8ves et professeurs autour de notre passion : L&rsquo; ALTO ! Chaque \u00e9l\u00e8ve de conservatoire [&hellip;]\" \/>\n<meta property=\"og:url\" content=\"https:\/\/altosjuniors.fr\/concours\/\" \/>\n<meta property=\"og:site_name\" content=\"Concours d&#039;Alto Pierre Lefebvre\" \/>\n<meta property=\"article:modified_time\" content=\"2025-03-30T21:01:35+00:00\" \/>\n<meta property=\"og:image\" content=\"http:\/\/altosjuniors.fr\/concours\/wp-content\/uploads\/2024\/10\/Morceaux.png\" \/>\n<meta name=\"twitter:card\" content=\"summary_large_image\" \/>\n<meta name=\"twitter:label1\" content=\"Dur\u00e9e de lecture estim\u00e9e\" \/>\n\t<meta name=\"twitter:data1\" content=\"3 minutes\" \/>\n<script type=\"application\/ld+json\" class=\"yoast-schema-graph\">{\"@context\":\"https:\\\/\\\/schema.org\",\"@graph\":[{\"@type\":\"WebPage\",\"@id\":\"https:\\\/\\\/altosjuniors.fr\\\/concours\\\/\",\"url\":\"https:\\\/\\\/altosjuniors.fr\\\/concours\\\/\",\"name\":\"Bonjour les altistes ! - Concours d&#039;Alto Pierre Lefebvre\",\"isPartOf\":{\"@id\":\"https:\\\/\\\/altosjuniors.fr\\\/concours\\\/#website\"},\"primaryImageOfPage\":{\"@id\":\"https:\\\/\\\/altosjuniors.fr\\\/concours\\\/#primaryimage\"},\"image\":{\"@id\":\"https:\\\/\\\/altosjuniors.fr\\\/concours\\\/#primaryimage\"},\"thumbnailUrl\":\"http:\\\/\\\/altosjuniors.fr\\\/concours\\\/wp-content\\\/uploads\\\/2024\\\/10\\\/Morceaux.png\",\"datePublished\":\"2024-10-27T15:58:20+00:00\",\"dateModified\":\"2025-03-30T21:01:35+00:00\",\"breadcrumb\":{\"@id\":\"https:\\\/\\\/altosjuniors.fr\\\/concours\\\/#breadcrumb\"},\"inLanguage\":\"fr-FR\",\"potentialAction\":[{\"@type\":\"ReadAction\",\"target\":[\"https:\\\/\\\/altosjuniors.fr\\\/concours\\\/\"]}]},{\"@type\":\"ImageObject\",\"inLanguage\":\"fr-FR\",\"@id\":\"https:\\\/\\\/altosjuniors.fr\\\/concours\\\/#primaryimage\",\"url\":\"https:\\\/\\\/altosjuniors.fr\\\/concours\\\/wp-content\\\/uploads\\\/2024\\\/10\\\/Morceaux.png\",\"contentUrl\":\"https:\\\/\\\/altosjuniors.fr\\\/concours\\\/wp-content\\\/uploads\\\/2024\\\/10\\\/Morceaux.png\",\"width\":129,\"height\":63},{\"@type\":\"BreadcrumbList\",\"@id\":\"https:\\\/\\\/altosjuniors.fr\\\/concours\\\/#breadcrumb\",\"itemListElement\":[{\"@type\":\"ListItem\",\"position\":1,\"name\":\"Accueil\",\"item\":\"https:\\\/\\\/altosjuniors.fr\\\/concours\\\/\"},{\"@type\":\"ListItem\",\"position\":2,\"name\":\"concours alto\"}]},{\"@type\":\"WebSite\",\"@id\":\"https:\\\/\\\/altosjuniors.fr\\\/concours\\\/#website\",\"url\":\"https:\\\/\\\/altosjuniors.fr\\\/concours\\\/\",\"name\":\"Concours d'Alto Pierre Lefebvre\",\"description\":\"Vive l&#039;ALTO !\",\"publisher\":{\"@id\":\"https:\\\/\\\/altosjuniors.fr\\\/concours\\\/#organization\"},\"alternateName\":\"Apparailly\",\"potentialAction\":[{\"@type\":\"SearchAction\",\"target\":{\"@type\":\"EntryPoint\",\"urlTemplate\":\"https:\\\/\\\/altosjuniors.fr\\\/concours\\\/?s={search_term_string}\"},\"query-input\":{\"@type\":\"PropertyValueSpecification\",\"valueRequired\":true,\"valueName\":\"search_term_string\"}}],\"inLanguage\":\"fr-FR\"},{\"@type\":\"Organization\",\"@id\":\"https:\\\/\\\/altosjuniors.fr\\\/concours\\\/#organization\",\"name\":\"Concours d'Alto Pierre Lefebvre\",\"alternateName\":\"Apparailly\",\"url\":\"https:\\\/\\\/altosjuniors.fr\\\/concours\\\/\",\"logo\":{\"@type\":\"ImageObject\",\"inLanguage\":\"fr-FR\",\"@id\":\"https:\\\/\\\/altosjuniors.fr\\\/concours\\\/#\\\/schema\\\/logo\\\/image\\\/\",\"url\":\"https:\\\/\\\/altosjuniors.fr\\\/concours\\\/wp-content\\\/uploads\\\/2024\\\/10\\\/Logo.png\",\"contentUrl\":\"https:\\\/\\\/altosjuniors.fr\\\/concours\\\/wp-content\\\/uploads\\\/2024\\\/10\\\/Logo.png\",\"width\":534,\"height\":534,\"caption\":\"Concours d'Alto Pierre Lefebvre\"},\"image\":{\"@id\":\"https:\\\/\\\/altosjuniors.fr\\\/concours\\\/#\\\/schema\\\/logo\\\/image\\\/\"}}]}<\/script>\n<!-- \/ Yoast SEO plugin. -->","yoast_head_json":{"title":"Bonjour les altistes ! - Concours d&#039;Alto Pierre Lefebvre","robots":{"index":"index","follow":"follow","max-snippet":"max-snippet:-1","max-image-preview":"max-image-preview:large","max-video-preview":"max-video-preview:-1"},"canonical":"https:\/\/altosjuniors.fr\/concours\/","og_locale":"fr_FR","og_type":"article","og_title":"Bonjour les altistes ! - Concours d&#039;Alto Pierre Lefebvre","og_description":"Horaire du concours Dimanche 06 Avril 2025 Bonjour les Altistes ! Programe 2025 Nous sommes heureux de vous annoncer la reprise de n\u00f4tre 28\u00e8me Concours d&rsquo; Alto Pierre Lefebvre Il s&rsquo;agit de se retrouver sur une journ\u00e9e pour \u00e9changer entre \u00e9l\u00e8ves et professeurs autour de notre passion : L&rsquo; ALTO ! Chaque \u00e9l\u00e8ve de conservatoire [&hellip;]","og_url":"https:\/\/altosjuniors.fr\/concours\/","og_site_name":"Concours d&#039;Alto Pierre Lefebvre","article_modified_time":"2025-03-30T21:01:35+00:00","og_image":[{"url":"http:\/\/altosjuniors.fr\/concours\/wp-content\/uploads\/2024\/10\/Morceaux.png","type":"","width":"","height":""}],"twitter_card":"summary_large_image","twitter_misc":{"Dur\u00e9e de lecture estim\u00e9e":"3 minutes"},"schema":{"@context":"https:\/\/schema.org","@graph":[{"@type":"WebPage","@id":"https:\/\/altosjuniors.fr\/concours\/","url":"https:\/\/altosjuniors.fr\/concours\/","name":"Bonjour les altistes ! - Concours d&#039;Alto Pierre Lefebvre","isPartOf":{"@id":"https:\/\/altosjuniors.fr\/concours\/#website"},"primaryImageOfPage":{"@id":"https:\/\/altosjuniors.fr\/concours\/#primaryimage"},"image":{"@id":"https:\/\/altosjuniors.fr\/concours\/#primaryimage"},"thumbnailUrl":"http:\/\/altosjuniors.fr\/concours\/wp-content\/uploads\/2024\/10\/Morceaux.png","datePublished":"2024-10-27T15:58:20+00:00","dateModified":"2025-03-30T21:01:35+00:00","breadcrumb":{"@id":"https:\/\/altosjuniors.fr\/concours\/#breadcrumb"},"inLanguage":"fr-FR","potentialAction":[{"@type":"ReadAction","target":["https:\/\/altosjuniors.fr\/concours\/"]}]},{"@type":"ImageObject","inLanguage":"fr-FR","@id":"https:\/\/altosjuniors.fr\/concours\/#primaryimage","url":"https:\/\/altosjuniors.fr\/concours\/wp-content\/uploads\/2024\/10\/Morceaux.png","contentUrl":"https:\/\/altosjuniors.fr\/concours\/wp-content\/uploads\/2024\/10\/Morceaux.png","width":129,"height":63},{"@type":"BreadcrumbList","@id":"https:\/\/altosjuniors.fr\/concours\/#breadcrumb","itemListElement":[{"@type":"ListItem","position":1,"name":"Accueil","item":"https:\/\/altosjuniors.fr\/concours\/"},{"@type":"ListItem","position":2,"name":"concours alto"}]},{"@type":"WebSite","@id":"https:\/\/altosjuniors.fr\/concours\/#website","url":"https:\/\/altosjuniors.fr\/concours\/","name":"Concours d'Alto Pierre Lefebvre","description":"Vive l&#039;ALTO !","publisher":{"@id":"https:\/\/altosjuniors.fr\/concours\/#organization"},"alternateName":"Apparailly","potentialAction":[{"@type":"SearchAction","target":{"@type":"EntryPoint","urlTemplate":"https:\/\/altosjuniors.fr\/concours\/?s={search_term_string}"},"query-input":{"@type":"PropertyValueSpecification","valueRequired":true,"valueName":"search_term_string"}}],"inLanguage":"fr-FR"},{"@type":"Organization","@id":"https:\/\/altosjuniors.fr\/concours\/#organization","name":"Concours d'Alto Pierre Lefebvre","alternateName":"Apparailly","url":"https:\/\/altosjuniors.fr\/concours\/","logo":{"@type":"ImageObject","inLanguage":"fr-FR","@id":"https:\/\/altosjuniors.fr\/concours\/#\/schema\/logo\/image\/","url":"https:\/\/altosjuniors.fr\/concours\/wp-content\/uploads\/2024\/10\/Logo.png","contentUrl":"https:\/\/altosjuniors.fr\/concours\/wp-content\/uploads\/2024\/10\/Logo.png","width":534,"height":534,"caption":"Concours d'Alto Pierre Lefebvre"},"image":{"@id":"https:\/\/altosjuniors.fr\/concours\/#\/schema\/logo\/image\/"}}]}},"_links":{"self":[{"href":"https:\/\/altosjuniors.fr\/concours\/index.php\/wp-json\/wp\/v2\/pages\/43","targetHints":{"allow":["GET"]}}],"collection":[{"href":"https:\/\/altosjuniors.fr\/concours\/index.php\/wp-json\/wp\/v2\/pages"}],"about":[{"href":"https:\/\/altosjuniors.fr\/concours\/index.php\/wp-json\/wp\/v2\/types\/page"}],"author":[{"embeddable":true,"href":"https:\/\/altosjuniors.fr\/concours\/index.php\/wp-json\/wp\/v2\/users\/1"}],"replies":[{"embeddable":true,"href":"https:\/\/altosjuniors.fr\/concours\/index.php\/wp-json\/wp\/v2\/comments?post=43"}],"version-history":[{"count":107,"href":"https:\/\/altosjuniors.fr\/concours\/index.php\/wp-json\/wp\/v2\/pages\/43\/revisions"}],"predecessor-version":[{"id":645,"href":"https:\/\/altosjuniors.fr\/concours\/index.php\/wp-json\/wp\/v2\/pages\/43\/revisions\/645"}],"wp:attachment":[{"href":"https:\/\/altosjuniors.fr\/concours\/index.php\/wp-json\/wp\/v2\/media?parent=43"}],"curies":[{"name":"wp","href":"https:\/\/api.w.org\/{rel}","templated":true}]}}