{"id":19,"date":"2024-10-26T19:41:17","date_gmt":"2024-10-26T17:41:17","guid":{"rendered":"http:\/\/altosjuniors.fr\/concours\/?page_id=19"},"modified":"2025-02-15T09:52:49","modified_gmt":"2025-02-15T08:52:49","slug":"programme-2025","status":"publish","type":"page","link":"https:\/\/altosjuniors.fr\/concours\/index.php\/programme-2025\/","title":{"rendered":"Programme 2025"},"content":{"rendered":"\t\t<div data-elementor-type=\"wp-page\" data-elementor-id=\"19\" class=\"elementor elementor-19\">\n\t\t\t\t<div class=\"elementor-element elementor-element-e788127 e-flex e-con-boxed e-con e-parent\" data-id=\"e788127\" data-element_type=\"container\" data-e-type=\"container\">\n\t\t\t\t\t<div class=\"e-con-inner\">\n\t\t\t\t<div class=\"elementor-element elementor-element-df1560a elementor-widget elementor-widget-text-editor\" data-id=\"df1560a\" data-element_type=\"widget\" data-e-type=\"widget\" data-widget_type=\"text-editor.default\">\n\t\t\t\t<div class=\"elementor-widget-container\">\n\t\t\t\t\t\t\t\t\t<h2><strong>PROGRAMME 2025<\/strong><\/h2><div><strong>1\u00e8re ann\u00e9e :\u00a0<\/strong><\/div><div>8. Viola d\u2019amore, extrait de \u00ab The really easy Viola book \u00bb<\/div><div>de Edward Huws Jones, \u00e9ditions Faber Music<\/div><div>\u00a0<\/div><div><strong>2\u00e8me ann\u00e9e :\u00a0<\/strong><\/div><div>4. Le voyage en Suisse de M. Hauchard, extrait de \u00ab I love my Alto \u00bb<\/div><div>\u00a0<\/div><div><div><strong>3\u00e8me ann\u00e9e :<\/strong><\/div><div>2\u00e8me (Sicilienne) et 3\u00e8me mvt (Allegro) du concerto Op. 15 de F. K\u00fcchler<\/div><\/div><div>\u00a0<\/div><div><div><strong>4\u00e8me ann\u00e9e :<\/strong><\/div><div>\u00ab Romain l\u2019oursin \u00bb extrait de \u00ab Les animaux malades de l\u2019alto \u00bb, volume 4<\/div><div>Charlotte Lapeyre<\/div><\/div><div>\u00a0<\/div><div><div><strong>5\u00e8me ann\u00e9e :<\/strong>\u00a0<\/div><div><p style=\"font-weight: 400;\">Solo D en Do Majeur opus 62 de Hubert LEONART<\/p><p style=\"font-weight: 400;\">transcrit par F. Lain\u00e9\u00a0Ed. Billaudot<\/p><\/div><div>\u00a0<\/div><\/div><div><div><strong>6\u00e8me ann\u00e9e :\u00a0<\/strong><\/div><div>Sicilienne et Rigaudon de F. Kreisler<\/div><div>\u00a0<\/div><div><div><strong>7\u00e8me ann\u00e9e :<\/strong><\/div><div>6\u00e8me solo en Do Majeur de C. Dancla <strong>Op. 77 N\u00b02<\/strong><\/div><\/div><div>Viola World Publications<\/div><div>\u00a0<\/div><div><div><strong>8\u00e8me ann\u00e9e :\u00a0<\/strong><\/div><div>1er solo du 8\u00e8me concerto de P. Rode<\/div><div>\u00a0<\/div><\/div><\/div><div><div><strong>9\u00e8me ann\u00e9e :<\/strong><\/div><div>1er mvt sonate de Glinka<\/div><div>\u00a0<\/div><div><div><strong>10\u00e8me ann\u00e9e :<\/strong><\/div><div>Impression Tango de Graciane FINZI<\/div><\/div><\/div>\t\t\t\t\t\t\t\t<\/div>\n\t\t\t\t<\/div>\n\t\t\t\t\t<\/div>\n\t\t\t\t<\/div>\n\t\t<div class=\"elementor-element elementor-element-f227c89 e-flex e-con-boxed e-con e-parent\" data-id=\"f227c89\" data-element_type=\"container\" data-e-type=\"container\">\n\t\t\t\t\t<div class=\"e-con-inner\">\n\t\t\t\t<div class=\"elementor-element elementor-element-35ec41c elementor-widget elementor-widget-text-editor\" data-id=\"35ec41c\" data-element_type=\"widget\" data-e-type=\"widget\" data-widget_type=\"text-editor.default\">\n\t\t\t\t<div class=\"elementor-widget-container\">\n\t\t\t\t\t\t\t\t\t<p><strong><em>Attention, les photocopies sont interdites.<\/em><\/strong><\/p>\t\t\t\t\t\t\t\t<\/div>\n\t\t\t\t<\/div>\n\t\t\t\t\t<\/div>\n\t\t\t\t<\/div>\n\t\t<div class=\"elementor-element elementor-element-f7ac646 e-grid e-con-boxed e-con e-parent\" data-id=\"f7ac646\" data-element_type=\"container\" data-e-type=\"container\">\n\t\t\t\t\t<div class=\"e-con-inner\">\n\t\t\t\t<div class=\"elementor-element elementor-element-7963cbf elementor-widget elementor-widget-image\" data-id=\"7963cbf\" data-element_type=\"widget\" data-e-type=\"widget\" data-widget_type=\"image.default\">\n\t\t\t\t<div class=\"elementor-widget-container\">\n\t\t\t\t\t\t\t\t\t\t\t\t<figure class=\"wp-caption\">\n\t\t\t\t\t\t\t\t\t\t\t<a href=\"https:\/\/altosjuniors.fr\/concours\/\">\n\t\t\t\t\t\t\t<img decoding=\"async\" width=\"256\" height=\"98\" src=\"https:\/\/altosjuniors.fr\/concours\/wp-content\/uploads\/2024\/10\/icone-Alto-trans.png\" class=\"attachment-large size-large wp-image-297\" alt=\"\" \/>\t\t\t\t\t\t\t\t<\/a>\n\t\t\t\t\t\t\t\t\t\t\t<figcaption class=\"widget-image-caption wp-caption-text\">Accueil<\/figcaption>\n\t\t\t\t\t\t\t\t\t\t<\/figure>\n\t\t\t\t\t\t\t\t\t<\/div>\n\t\t\t\t<\/div>\n\t\t\t\t<div class=\"elementor-element elementor-element-8579781 elementor-widget elementor-widget-image\" data-id=\"8579781\" data-element_type=\"widget\" data-e-type=\"widget\" data-widget_type=\"image.default\">\n\t\t\t\t<div class=\"elementor-widget-container\">\n\t\t\t\t\t\t\t\t\t\t\t\t<figure class=\"wp-caption\">\n\t\t\t\t\t\t\t\t\t\t\t<a href=\"https:\/\/altosjuniors.fr\/concours\/index.php\/formulaire\/\">\n\t\t\t\t\t\t\t<img decoding=\"async\" width=\"256\" height=\"98\" src=\"https:\/\/altosjuniors.fr\/concours\/wp-content\/uploads\/2024\/10\/icone-Alto-trans.png\" class=\"attachment-2048x2048 size-2048x2048 wp-image-297\" alt=\"\" \/>\t\t\t\t\t\t\t\t<\/a>\n\t\t\t\t\t\t\t\t\t\t\t<figcaption class=\"widget-image-caption wp-caption-text\">Inscription en ligne<\/figcaption>\n\t\t\t\t\t\t\t\t\t\t<\/figure>\n\t\t\t\t\t\t\t\t\t<\/div>\n\t\t\t\t<\/div>\n\t\t\t\t<div class=\"elementor-element elementor-element-7b8b4d0 elementor-widget elementor-widget-image\" data-id=\"7b8b4d0\" data-element_type=\"widget\" data-e-type=\"widget\" data-widget_type=\"image.default\">\n\t\t\t\t<div class=\"elementor-widget-container\">\n\t\t\t\t\t\t\t\t\t\t\t\t<figure class=\"wp-caption\">\n\t\t\t\t\t\t\t\t\t\t\t<a href=\"https:\/\/altosjuniors.fr\/concours\/index.php\/lieu\/\">\n\t\t\t\t\t\t\t<img decoding=\"async\" width=\"256\" height=\"98\" src=\"https:\/\/altosjuniors.fr\/concours\/wp-content\/uploads\/2024\/10\/icone-Alto-trans.png\" class=\"attachment-large size-large wp-image-297\" alt=\"\" \/>\t\t\t\t\t\t\t\t<\/a>\n\t\t\t\t\t\t\t\t\t\t\t<figcaption class=\"widget-image-caption wp-caption-text\">Lieu du concours<\/figcaption>\n\t\t\t\t\t\t\t\t\t\t<\/figure>\n\t\t\t\t\t\t\t\t\t<\/div>\n\t\t\t\t<\/div>\n\t\t\t\t\t<\/div>\n\t\t\t\t<\/div>\n\t\t\t\t<\/div>\n\t\t","protected":false},"excerpt":{"rendered":"<p>PROGRAMME 2025 1\u00e8re ann\u00e9e :\u00a08. Viola d\u2019amore, extrait de \u00ab The really easy Viola book \u00bbde Edward Huws Jones, \u00e9ditions Faber Music\u00a02\u00e8me ann\u00e9e :\u00a04. Le voyage en Suisse de M. Hauchard, extrait de \u00ab I love my Alto \u00bb\u00a03\u00e8me ann\u00e9e :2\u00e8me (Sicilienne) et 3\u00e8me mvt (Allegro) du concerto Op. 15 de F. K\u00fcchler\u00a04\u00e8me ann\u00e9e :\u00ab [&hellip;]<\/p>\n","protected":false},"author":1,"featured_media":0,"parent":0,"menu_order":0,"comment_status":"closed","ping_status":"closed","template":"","meta":{"footnotes":""},"class_list":["post-19","page","type-page","status-publish","hentry"],"yoast_head":"<!-- This site is optimized with the Yoast SEO plugin v27.5 - https:\/\/yoast.com\/product\/yoast-seo-wordpress\/ -->\n<title>Programme 2025 - Concours d&#039;Alto Pierre Lefebvre<\/title>\n<meta name=\"robots\" content=\"index, follow, max-snippet:-1, max-image-preview:large, max-video-preview:-1\" \/>\n<link rel=\"canonical\" href=\"https:\/\/altosjuniors.fr\/concours\/index.php\/programme-2025\/\" \/>\n<meta property=\"og:locale\" content=\"fr_FR\" \/>\n<meta property=\"og:type\" content=\"article\" \/>\n<meta property=\"og:title\" content=\"Programme 2025 - Concours d&#039;Alto Pierre Lefebvre\" \/>\n<meta property=\"og:description\" content=\"PROGRAMME 2025 1\u00e8re ann\u00e9e :\u00a08. Viola d\u2019amore, extrait de \u00ab The really easy Viola book \u00bbde Edward Huws Jones, \u00e9ditions Faber Music\u00a02\u00e8me ann\u00e9e :\u00a04. Le voyage en Suisse de M. Hauchard, extrait de \u00ab I love my Alto \u00bb\u00a03\u00e8me ann\u00e9e :2\u00e8me (Sicilienne) et 3\u00e8me mvt (Allegro) du concerto Op. 15 de F. K\u00fcchler\u00a04\u00e8me ann\u00e9e :\u00ab [&hellip;]\" \/>\n<meta property=\"og:url\" content=\"https:\/\/altosjuniors.fr\/concours\/index.php\/programme-2025\/\" \/>\n<meta property=\"og:site_name\" content=\"Concours d&#039;Alto Pierre Lefebvre\" \/>\n<meta property=\"article:modified_time\" content=\"2025-02-15T08:52:49+00:00\" \/>\n<meta property=\"og:image\" content=\"http:\/\/altosjuniors.fr\/concours\/wp-content\/uploads\/2024\/10\/icone-Alto-trans.png\" \/>\n<meta name=\"twitter:card\" content=\"summary_large_image\" \/>\n<meta name=\"twitter:label1\" content=\"Dur\u00e9e de lecture estim\u00e9e\" \/>\n\t<meta name=\"twitter:data1\" content=\"2 minutes\" \/>\n<script type=\"application\/ld+json\" class=\"yoast-schema-graph\">{\"@context\":\"https:\\\/\\\/schema.org\",\"@graph\":[{\"@type\":\"WebPage\",\"@id\":\"https:\\\/\\\/altosjuniors.fr\\\/concours\\\/index.php\\\/programme-2025\\\/\",\"url\":\"https:\\\/\\\/altosjuniors.fr\\\/concours\\\/index.php\\\/programme-2025\\\/\",\"name\":\"Programme 2025 - Concours d&#039;Alto Pierre Lefebvre\",\"isPartOf\":{\"@id\":\"https:\\\/\\\/altosjuniors.fr\\\/concours\\\/#website\"},\"primaryImageOfPage\":{\"@id\":\"https:\\\/\\\/altosjuniors.fr\\\/concours\\\/index.php\\\/programme-2025\\\/#primaryimage\"},\"image\":{\"@id\":\"https:\\\/\\\/altosjuniors.fr\\\/concours\\\/index.php\\\/programme-2025\\\/#primaryimage\"},\"thumbnailUrl\":\"http:\\\/\\\/altosjuniors.fr\\\/concours\\\/wp-content\\\/uploads\\\/2024\\\/10\\\/icone-Alto-trans.png\",\"datePublished\":\"2024-10-26T17:41:17+00:00\",\"dateModified\":\"2025-02-15T08:52:49+00:00\",\"breadcrumb\":{\"@id\":\"https:\\\/\\\/altosjuniors.fr\\\/concours\\\/index.php\\\/programme-2025\\\/#breadcrumb\"},\"inLanguage\":\"fr-FR\",\"potentialAction\":[{\"@type\":\"ReadAction\",\"target\":[\"https:\\\/\\\/altosjuniors.fr\\\/concours\\\/index.php\\\/programme-2025\\\/\"]}]},{\"@type\":\"ImageObject\",\"inLanguage\":\"fr-FR\",\"@id\":\"https:\\\/\\\/altosjuniors.fr\\\/concours\\\/index.php\\\/programme-2025\\\/#primaryimage\",\"url\":\"https:\\\/\\\/altosjuniors.fr\\\/concours\\\/wp-content\\\/uploads\\\/2024\\\/10\\\/icone-Alto-trans.png\",\"contentUrl\":\"https:\\\/\\\/altosjuniors.fr\\\/concours\\\/wp-content\\\/uploads\\\/2024\\\/10\\\/icone-Alto-trans.png\",\"width\":256,\"height\":98},{\"@type\":\"BreadcrumbList\",\"@id\":\"https:\\\/\\\/altosjuniors.fr\\\/concours\\\/index.php\\\/programme-2025\\\/#breadcrumb\",\"itemListElement\":[{\"@type\":\"ListItem\",\"position\":1,\"name\":\"Accueil\",\"item\":\"https:\\\/\\\/altosjuniors.fr\\\/concours\\\/\"},{\"@type\":\"ListItem\",\"position\":2,\"name\":\"Programme 2025\"}]},{\"@type\":\"WebSite\",\"@id\":\"https:\\\/\\\/altosjuniors.fr\\\/concours\\\/#website\",\"url\":\"https:\\\/\\\/altosjuniors.fr\\\/concours\\\/\",\"name\":\"Concours d'Alto Pierre Lefebvre\",\"description\":\"Vive l&#039;ALTO !\",\"publisher\":{\"@id\":\"https:\\\/\\\/altosjuniors.fr\\\/concours\\\/#organization\"},\"alternateName\":\"Apparailly\",\"potentialAction\":[{\"@type\":\"SearchAction\",\"target\":{\"@type\":\"EntryPoint\",\"urlTemplate\":\"https:\\\/\\\/altosjuniors.fr\\\/concours\\\/?s={search_term_string}\"},\"query-input\":{\"@type\":\"PropertyValueSpecification\",\"valueRequired\":true,\"valueName\":\"search_term_string\"}}],\"inLanguage\":\"fr-FR\"},{\"@type\":\"Organization\",\"@id\":\"https:\\\/\\\/altosjuniors.fr\\\/concours\\\/#organization\",\"name\":\"Concours d'Alto Pierre Lefebvre\",\"alternateName\":\"Apparailly\",\"url\":\"https:\\\/\\\/altosjuniors.fr\\\/concours\\\/\",\"logo\":{\"@type\":\"ImageObject\",\"inLanguage\":\"fr-FR\",\"@id\":\"https:\\\/\\\/altosjuniors.fr\\\/concours\\\/#\\\/schema\\\/logo\\\/image\\\/\",\"url\":\"https:\\\/\\\/altosjuniors.fr\\\/concours\\\/wp-content\\\/uploads\\\/2024\\\/10\\\/Logo.png\",\"contentUrl\":\"https:\\\/\\\/altosjuniors.fr\\\/concours\\\/wp-content\\\/uploads\\\/2024\\\/10\\\/Logo.png\",\"width\":534,\"height\":534,\"caption\":\"Concours d'Alto Pierre Lefebvre\"},\"image\":{\"@id\":\"https:\\\/\\\/altosjuniors.fr\\\/concours\\\/#\\\/schema\\\/logo\\\/image\\\/\"}}]}<\/script>\n<!-- \/ Yoast SEO plugin. -->","yoast_head_json":{"title":"Programme 2025 - Concours d&#039;Alto Pierre Lefebvre","robots":{"index":"index","follow":"follow","max-snippet":"max-snippet:-1","max-image-preview":"max-image-preview:large","max-video-preview":"max-video-preview:-1"},"canonical":"https:\/\/altosjuniors.fr\/concours\/index.php\/programme-2025\/","og_locale":"fr_FR","og_type":"article","og_title":"Programme 2025 - Concours d&#039;Alto Pierre Lefebvre","og_description":"PROGRAMME 2025 1\u00e8re ann\u00e9e :\u00a08. Viola d\u2019amore, extrait de \u00ab The really easy Viola book \u00bbde Edward Huws Jones, \u00e9ditions Faber Music\u00a02\u00e8me ann\u00e9e :\u00a04. Le voyage en Suisse de M. Hauchard, extrait de \u00ab I love my Alto \u00bb\u00a03\u00e8me ann\u00e9e :2\u00e8me (Sicilienne) et 3\u00e8me mvt (Allegro) du concerto Op. 15 de F. K\u00fcchler\u00a04\u00e8me ann\u00e9e :\u00ab [&hellip;]","og_url":"https:\/\/altosjuniors.fr\/concours\/index.php\/programme-2025\/","og_site_name":"Concours d&#039;Alto Pierre Lefebvre","article_modified_time":"2025-02-15T08:52:49+00:00","og_image":[{"url":"http:\/\/altosjuniors.fr\/concours\/wp-content\/uploads\/2024\/10\/icone-Alto-trans.png","type":"","width":"","height":""}],"twitter_card":"summary_large_image","twitter_misc":{"Dur\u00e9e de lecture estim\u00e9e":"2 minutes"},"schema":{"@context":"https:\/\/schema.org","@graph":[{"@type":"WebPage","@id":"https:\/\/altosjuniors.fr\/concours\/index.php\/programme-2025\/","url":"https:\/\/altosjuniors.fr\/concours\/index.php\/programme-2025\/","name":"Programme 2025 - Concours d&#039;Alto Pierre Lefebvre","isPartOf":{"@id":"https:\/\/altosjuniors.fr\/concours\/#website"},"primaryImageOfPage":{"@id":"https:\/\/altosjuniors.fr\/concours\/index.php\/programme-2025\/#primaryimage"},"image":{"@id":"https:\/\/altosjuniors.fr\/concours\/index.php\/programme-2025\/#primaryimage"},"thumbnailUrl":"http:\/\/altosjuniors.fr\/concours\/wp-content\/uploads\/2024\/10\/icone-Alto-trans.png","datePublished":"2024-10-26T17:41:17+00:00","dateModified":"2025-02-15T08:52:49+00:00","breadcrumb":{"@id":"https:\/\/altosjuniors.fr\/concours\/index.php\/programme-2025\/#breadcrumb"},"inLanguage":"fr-FR","potentialAction":[{"@type":"ReadAction","target":["https:\/\/altosjuniors.fr\/concours\/index.php\/programme-2025\/"]}]},{"@type":"ImageObject","inLanguage":"fr-FR","@id":"https:\/\/altosjuniors.fr\/concours\/index.php\/programme-2025\/#primaryimage","url":"https:\/\/altosjuniors.fr\/concours\/wp-content\/uploads\/2024\/10\/icone-Alto-trans.png","contentUrl":"https:\/\/altosjuniors.fr\/concours\/wp-content\/uploads\/2024\/10\/icone-Alto-trans.png","width":256,"height":98},{"@type":"BreadcrumbList","@id":"https:\/\/altosjuniors.fr\/concours\/index.php\/programme-2025\/#breadcrumb","itemListElement":[{"@type":"ListItem","position":1,"name":"Accueil","item":"https:\/\/altosjuniors.fr\/concours\/"},{"@type":"ListItem","position":2,"name":"Programme 2025"}]},{"@type":"WebSite","@id":"https:\/\/altosjuniors.fr\/concours\/#website","url":"https:\/\/altosjuniors.fr\/concours\/","name":"Concours d'Alto Pierre Lefebvre","description":"Vive l&#039;ALTO !","publisher":{"@id":"https:\/\/altosjuniors.fr\/concours\/#organization"},"alternateName":"Apparailly","potentialAction":[{"@type":"SearchAction","target":{"@type":"EntryPoint","urlTemplate":"https:\/\/altosjuniors.fr\/concours\/?s={search_term_string}"},"query-input":{"@type":"PropertyValueSpecification","valueRequired":true,"valueName":"search_term_string"}}],"inLanguage":"fr-FR"},{"@type":"Organization","@id":"https:\/\/altosjuniors.fr\/concours\/#organization","name":"Concours d'Alto Pierre Lefebvre","alternateName":"Apparailly","url":"https:\/\/altosjuniors.fr\/concours\/","logo":{"@type":"ImageObject","inLanguage":"fr-FR","@id":"https:\/\/altosjuniors.fr\/concours\/#\/schema\/logo\/image\/","url":"https:\/\/altosjuniors.fr\/concours\/wp-content\/uploads\/2024\/10\/Logo.png","contentUrl":"https:\/\/altosjuniors.fr\/concours\/wp-content\/uploads\/2024\/10\/Logo.png","width":534,"height":534,"caption":"Concours d'Alto Pierre Lefebvre"},"image":{"@id":"https:\/\/altosjuniors.fr\/concours\/#\/schema\/logo\/image\/"}}]}},"_links":{"self":[{"href":"https:\/\/altosjuniors.fr\/concours\/index.php\/wp-json\/wp\/v2\/pages\/19","targetHints":{"allow":["GET"]}}],"collection":[{"href":"https:\/\/altosjuniors.fr\/concours\/index.php\/wp-json\/wp\/v2\/pages"}],"about":[{"href":"https:\/\/altosjuniors.fr\/concours\/index.php\/wp-json\/wp\/v2\/types\/page"}],"author":[{"embeddable":true,"href":"https:\/\/altosjuniors.fr\/concours\/index.php\/wp-json\/wp\/v2\/users\/1"}],"replies":[{"embeddable":true,"href":"https:\/\/altosjuniors.fr\/concours\/index.php\/wp-json\/wp\/v2\/comments?post=19"}],"version-history":[{"count":25,"href":"https:\/\/altosjuniors.fr\/concours\/index.php\/wp-json\/wp\/v2\/pages\/19\/revisions"}],"predecessor-version":[{"id":542,"href":"https:\/\/altosjuniors.fr\/concours\/index.php\/wp-json\/wp\/v2\/pages\/19\/revisions\/542"}],"wp:attachment":[{"href":"https:\/\/altosjuniors.fr\/concours\/index.php\/wp-json\/wp\/v2\/media?parent=19"}],"curies":[{"name":"wp","href":"https:\/\/api.w.org\/{rel}","templated":true}]}}