{"id":17,"date":"2024-10-26T19:40:55","date_gmt":"2024-10-26T17:40:55","guid":{"rendered":"http:\/\/altosjuniors.fr\/concours\/?page_id=17"},"modified":"2024-10-31T08:52:47","modified_gmt":"2024-10-31T07:52:47","slug":"lieu","status":"publish","type":"page","link":"https:\/\/altosjuniors.fr\/concours\/index.php\/lieu\/","title":{"rendered":"Lieu"},"content":{"rendered":"\t\t<div data-elementor-type=\"wp-page\" data-elementor-id=\"17\" class=\"elementor elementor-17\">\n\t\t\t\t<div class=\"elementor-element elementor-element-27eb534 e-con-full e-flex e-con e-parent\" data-id=\"27eb534\" data-element_type=\"container\" data-e-type=\"container\">\n\t\t\t\t<div class=\"elementor-element elementor-element-18332c8 elementor-widget__width-inherit elementor-widget elementor-widget-google_maps\" data-id=\"18332c8\" data-element_type=\"widget\" data-e-type=\"widget\" data-widget_type=\"google_maps.default\">\n\t\t\t\t<div class=\"elementor-widget-container\">\n\t\t\t\t\t\t\t<div class=\"elementor-custom-embed\">\n\t\t\t<iframe loading=\"lazy\"\n\t\t\t\t\tsrc=\"https:\/\/maps.google.com\/maps?q=44.50035705621075%2C0.16307736904260128&#038;t=m&#038;z=16&#038;output=embed&#038;iwloc=near\"\n\t\t\t\t\ttitle=\"44.50035705621075,0.16307736904260128\"\n\t\t\t\t\taria-label=\"44.50035705621075,0.16307736904260128\"\n\t\t\t><\/iframe>\n\t\t<\/div>\n\t\t\t\t\t\t<\/div>\n\t\t\t\t<\/div>\n\t\t\t\t<\/div>\n\t\t<div class=\"elementor-element elementor-element-bacab22 e-con-full e-flex e-con e-parent\" data-id=\"bacab22\" data-element_type=\"container\" data-e-type=\"container\">\n\t\t\t\t<div class=\"elementor-element elementor-element-0c8e239 elementor-widget__width-inherit elementor-widget elementor-widget-text-editor\" data-id=\"0c8e239\" data-element_type=\"widget\" data-e-type=\"widget\" data-widget_type=\"text-editor.default\">\n\t\t\t\t<div class=\"elementor-widget-container\">\n\t\t\t\t\t\t\t\t\t<p>Conservatoire Maurice Ravel<\/p><p>Musique, Danse et Th\u00e9\u00e2tre<\/p><p>1 rue Victor Schoelcher<\/p><p>47200 Marmande<\/p><p><img fetchpriority=\"high\" decoding=\"async\" class=\" wp-image-156 alignleft\" src=\"http:\/\/altosjuniors.fr\/concours\/wp-content\/uploads\/2024\/10\/Photo-conservatoire-300x92.jpg\" alt=\"\" width=\"486\" height=\"149\" srcset=\"https:\/\/altosjuniors.fr\/concours\/wp-content\/uploads\/2024\/10\/Photo-conservatoire-300x92.jpg 300w, https:\/\/altosjuniors.fr\/concours\/wp-content\/uploads\/2024\/10\/Photo-conservatoire-1024x313.jpg 1024w, https:\/\/altosjuniors.fr\/concours\/wp-content\/uploads\/2024\/10\/Photo-conservatoire-768x235.jpg 768w, https:\/\/altosjuniors.fr\/concours\/wp-content\/uploads\/2024\/10\/Photo-conservatoire.jpg 1493w\" sizes=\"(max-width: 486px) 100vw, 486px\" \/><\/p>\t\t\t\t\t\t\t\t<\/div>\n\t\t\t\t<\/div>\n\t\t\t\t<\/div>\n\t\t<div class=\"elementor-element elementor-element-2c3d4f6 e-con-full e-flex e-con e-parent\" data-id=\"2c3d4f6\" data-element_type=\"container\" data-e-type=\"container\">\n\t\t\t\t<div class=\"elementor-element elementor-element-b7a5521 elementor-widget__width-inherit elementor-widget elementor-widget-google_maps\" data-id=\"b7a5521\" data-element_type=\"widget\" data-e-type=\"widget\" data-widget_type=\"google_maps.default\">\n\t\t\t\t<div class=\"elementor-widget-container\">\n\t\t\t\t\t\t\t<div class=\"elementor-custom-embed\">\n\t\t\t<iframe loading=\"lazy\"\n\t\t\t\t\tsrc=\"https:\/\/maps.google.com\/maps?q=1%20rue%20Victor%20Schoelcher%20-%2047200%20Marmande&#038;t=m&#038;z=7&#038;output=embed&#038;iwloc=near\"\n\t\t\t\t\ttitle=\"1 rue Victor Schoelcher - 47200 Marmande\"\n\t\t\t\t\taria-label=\"1 rue Victor Schoelcher - 47200 Marmande\"\n\t\t\t><\/iframe>\n\t\t<\/div>\n\t\t\t\t\t\t<\/div>\n\t\t\t\t<\/div>\n\t\t\t\t<\/div>\n\t\t<div class=\"elementor-element elementor-element-746b947 e-grid e-con-boxed e-con e-parent\" data-id=\"746b947\" data-element_type=\"container\" data-e-type=\"container\">\n\t\t\t\t\t<div class=\"e-con-inner\">\n\t\t\t\t<div class=\"elementor-element elementor-element-dc0d878 elementor-widget elementor-widget-image\" data-id=\"dc0d878\" data-element_type=\"widget\" data-e-type=\"widget\" data-widget_type=\"image.default\">\n\t\t\t\t<div class=\"elementor-widget-container\">\n\t\t\t\t\t\t\t\t\t\t\t\t<figure class=\"wp-caption\">\n\t\t\t\t\t\t\t\t\t\t\t<a href=\"https:\/\/altosjuniors.fr\/concours\/\">\n\t\t\t\t\t\t\t<img decoding=\"async\" width=\"256\" height=\"98\" src=\"https:\/\/altosjuniors.fr\/concours\/wp-content\/uploads\/2024\/10\/icone-Alto-trans.png\" class=\"attachment-large size-large wp-image-297\" alt=\"\" \/>\t\t\t\t\t\t\t\t<\/a>\n\t\t\t\t\t\t\t\t\t\t\t<figcaption class=\"widget-image-caption wp-caption-text\">Accueil<\/figcaption>\n\t\t\t\t\t\t\t\t\t\t<\/figure>\n\t\t\t\t\t\t\t\t\t<\/div>\n\t\t\t\t<\/div>\n\t\t\t\t<div class=\"elementor-element elementor-element-ab0a900 elementor-widget elementor-widget-image\" data-id=\"ab0a900\" data-element_type=\"widget\" data-e-type=\"widget\" data-widget_type=\"image.default\">\n\t\t\t\t<div class=\"elementor-widget-container\">\n\t\t\t\t\t\t\t\t\t\t\t\t<figure class=\"wp-caption\">\n\t\t\t\t\t\t\t\t\t\t\t<a href=\"https:\/\/altosjuniors.fr\/concours\/index.php\/formulaire\/\">\n\t\t\t\t\t\t\t<img decoding=\"async\" width=\"256\" height=\"98\" src=\"https:\/\/altosjuniors.fr\/concours\/wp-content\/uploads\/2024\/10\/icone-Alto-trans.png\" class=\"attachment-2048x2048 size-2048x2048 wp-image-297\" alt=\"\" \/>\t\t\t\t\t\t\t\t<\/a>\n\t\t\t\t\t\t\t\t\t\t\t<figcaption class=\"widget-image-caption wp-caption-text\">Inscription en ligne<\/figcaption>\n\t\t\t\t\t\t\t\t\t\t<\/figure>\n\t\t\t\t\t\t\t\t\t<\/div>\n\t\t\t\t<\/div>\n\t\t\t\t<div class=\"elementor-element elementor-element-f338190 elementor-widget elementor-widget-image\" data-id=\"f338190\" data-element_type=\"widget\" data-e-type=\"widget\" data-widget_type=\"image.default\">\n\t\t\t\t<div class=\"elementor-widget-container\">\n\t\t\t\t\t\t\t\t\t\t\t\t<figure class=\"wp-caption\">\n\t\t\t\t\t\t\t\t\t\t\t<a href=\"https:\/\/altosjuniors.fr\/concours\/index.php\/reglement\/\">\n\t\t\t\t\t\t\t<img decoding=\"async\" width=\"256\" height=\"98\" src=\"https:\/\/altosjuniors.fr\/concours\/wp-content\/uploads\/2024\/10\/icone-Alto-trans.png\" class=\"attachment-large size-large wp-image-297\" alt=\"\" \/>\t\t\t\t\t\t\t\t<\/a>\n\t\t\t\t\t\t\t\t\t\t\t<figcaption class=\"widget-image-caption wp-caption-text\">R\u00e8glement du concours<\/figcaption>\n\t\t\t\t\t\t\t\t\t\t<\/figure>\n\t\t\t\t\t\t\t\t\t<\/div>\n\t\t\t\t<\/div>\n\t\t\t\t\t<\/div>\n\t\t\t\t<\/div>\n\t\t\t\t<\/div>\n\t\t","protected":false},"excerpt":{"rendered":"<p>Conservatoire Maurice Ravel Musique, Danse et Th\u00e9\u00e2tre 1 rue Victor Schoelcher 47200 Marmande Accueil Inscription en ligne R\u00e8glement du concours<\/p>\n","protected":false},"author":1,"featured_media":0,"parent":0,"menu_order":0,"comment_status":"closed","ping_status":"closed","template":"","meta":{"footnotes":""},"class_list":["post-17","page","type-page","status-publish","hentry"],"yoast_head":"<!-- This site is optimized with the Yoast SEO plugin v27.5 - https:\/\/yoast.com\/product\/yoast-seo-wordpress\/ -->\n<title>Lieu - Concours d&#039;Alto Pierre Lefebvre<\/title>\n<meta name=\"robots\" content=\"index, follow, max-snippet:-1, max-image-preview:large, max-video-preview:-1\" \/>\n<link rel=\"canonical\" href=\"https:\/\/altosjuniors.fr\/concours\/index.php\/lieu\/\" \/>\n<meta property=\"og:locale\" content=\"fr_FR\" \/>\n<meta property=\"og:type\" content=\"article\" \/>\n<meta property=\"og:title\" content=\"Lieu - Concours d&#039;Alto Pierre Lefebvre\" \/>\n<meta property=\"og:description\" content=\"Conservatoire Maurice Ravel Musique, Danse et Th\u00e9\u00e2tre 1 rue Victor Schoelcher 47200 Marmande Accueil Inscription en ligne R\u00e8glement du concours\" \/>\n<meta property=\"og:url\" content=\"https:\/\/altosjuniors.fr\/concours\/index.php\/lieu\/\" \/>\n<meta property=\"og:site_name\" content=\"Concours d&#039;Alto Pierre Lefebvre\" \/>\n<meta property=\"article:modified_time\" content=\"2024-10-31T07:52:47+00:00\" \/>\n<meta property=\"og:image\" content=\"http:\/\/altosjuniors.fr\/concours\/wp-content\/uploads\/2024\/10\/Photo-conservatoire-300x92.jpg\" \/>\n<meta name=\"twitter:card\" content=\"summary_large_image\" \/>\n<meta name=\"twitter:label1\" content=\"Dur\u00e9e de lecture estim\u00e9e\" \/>\n\t<meta name=\"twitter:data1\" content=\"1 minute\" \/>\n<script type=\"application\/ld+json\" class=\"yoast-schema-graph\">{\"@context\":\"https:\\\/\\\/schema.org\",\"@graph\":[{\"@type\":\"WebPage\",\"@id\":\"https:\\\/\\\/altosjuniors.fr\\\/concours\\\/index.php\\\/lieu\\\/\",\"url\":\"https:\\\/\\\/altosjuniors.fr\\\/concours\\\/index.php\\\/lieu\\\/\",\"name\":\"Lieu - Concours d&#039;Alto Pierre Lefebvre\",\"isPartOf\":{\"@id\":\"https:\\\/\\\/altosjuniors.fr\\\/concours\\\/#website\"},\"primaryImageOfPage\":{\"@id\":\"https:\\\/\\\/altosjuniors.fr\\\/concours\\\/index.php\\\/lieu\\\/#primaryimage\"},\"image\":{\"@id\":\"https:\\\/\\\/altosjuniors.fr\\\/concours\\\/index.php\\\/lieu\\\/#primaryimage\"},\"thumbnailUrl\":\"http:\\\/\\\/altosjuniors.fr\\\/concours\\\/wp-content\\\/uploads\\\/2024\\\/10\\\/Photo-conservatoire-300x92.jpg\",\"datePublished\":\"2024-10-26T17:40:55+00:00\",\"dateModified\":\"2024-10-31T07:52:47+00:00\",\"breadcrumb\":{\"@id\":\"https:\\\/\\\/altosjuniors.fr\\\/concours\\\/index.php\\\/lieu\\\/#breadcrumb\"},\"inLanguage\":\"fr-FR\",\"potentialAction\":[{\"@type\":\"ReadAction\",\"target\":[\"https:\\\/\\\/altosjuniors.fr\\\/concours\\\/index.php\\\/lieu\\\/\"]}]},{\"@type\":\"ImageObject\",\"inLanguage\":\"fr-FR\",\"@id\":\"https:\\\/\\\/altosjuniors.fr\\\/concours\\\/index.php\\\/lieu\\\/#primaryimage\",\"url\":\"https:\\\/\\\/altosjuniors.fr\\\/concours\\\/wp-content\\\/uploads\\\/2024\\\/10\\\/Photo-conservatoire.jpg\",\"contentUrl\":\"https:\\\/\\\/altosjuniors.fr\\\/concours\\\/wp-content\\\/uploads\\\/2024\\\/10\\\/Photo-conservatoire.jpg\",\"width\":1493,\"height\":457},{\"@type\":\"BreadcrumbList\",\"@id\":\"https:\\\/\\\/altosjuniors.fr\\\/concours\\\/index.php\\\/lieu\\\/#breadcrumb\",\"itemListElement\":[{\"@type\":\"ListItem\",\"position\":1,\"name\":\"Accueil\",\"item\":\"https:\\\/\\\/altosjuniors.fr\\\/concours\\\/\"},{\"@type\":\"ListItem\",\"position\":2,\"name\":\"Lieu\"}]},{\"@type\":\"WebSite\",\"@id\":\"https:\\\/\\\/altosjuniors.fr\\\/concours\\\/#website\",\"url\":\"https:\\\/\\\/altosjuniors.fr\\\/concours\\\/\",\"name\":\"Concours d'Alto Pierre Lefebvre\",\"description\":\"Vive l&#039;ALTO !\",\"publisher\":{\"@id\":\"https:\\\/\\\/altosjuniors.fr\\\/concours\\\/#organization\"},\"alternateName\":\"Apparailly\",\"potentialAction\":[{\"@type\":\"SearchAction\",\"target\":{\"@type\":\"EntryPoint\",\"urlTemplate\":\"https:\\\/\\\/altosjuniors.fr\\\/concours\\\/?s={search_term_string}\"},\"query-input\":{\"@type\":\"PropertyValueSpecification\",\"valueRequired\":true,\"valueName\":\"search_term_string\"}}],\"inLanguage\":\"fr-FR\"},{\"@type\":\"Organization\",\"@id\":\"https:\\\/\\\/altosjuniors.fr\\\/concours\\\/#organization\",\"name\":\"Concours d'Alto Pierre Lefebvre\",\"alternateName\":\"Apparailly\",\"url\":\"https:\\\/\\\/altosjuniors.fr\\\/concours\\\/\",\"logo\":{\"@type\":\"ImageObject\",\"inLanguage\":\"fr-FR\",\"@id\":\"https:\\\/\\\/altosjuniors.fr\\\/concours\\\/#\\\/schema\\\/logo\\\/image\\\/\",\"url\":\"https:\\\/\\\/altosjuniors.fr\\\/concours\\\/wp-content\\\/uploads\\\/2024\\\/10\\\/Logo.png\",\"contentUrl\":\"https:\\\/\\\/altosjuniors.fr\\\/concours\\\/wp-content\\\/uploads\\\/2024\\\/10\\\/Logo.png\",\"width\":534,\"height\":534,\"caption\":\"Concours d'Alto Pierre Lefebvre\"},\"image\":{\"@id\":\"https:\\\/\\\/altosjuniors.fr\\\/concours\\\/#\\\/schema\\\/logo\\\/image\\\/\"}}]}<\/script>\n<!-- \/ Yoast SEO plugin. -->","yoast_head_json":{"title":"Lieu - Concours d&#039;Alto Pierre Lefebvre","robots":{"index":"index","follow":"follow","max-snippet":"max-snippet:-1","max-image-preview":"max-image-preview:large","max-video-preview":"max-video-preview:-1"},"canonical":"https:\/\/altosjuniors.fr\/concours\/index.php\/lieu\/","og_locale":"fr_FR","og_type":"article","og_title":"Lieu - Concours d&#039;Alto Pierre Lefebvre","og_description":"Conservatoire Maurice Ravel Musique, Danse et Th\u00e9\u00e2tre 1 rue Victor Schoelcher 47200 Marmande Accueil Inscription en ligne R\u00e8glement du concours","og_url":"https:\/\/altosjuniors.fr\/concours\/index.php\/lieu\/","og_site_name":"Concours d&#039;Alto Pierre Lefebvre","article_modified_time":"2024-10-31T07:52:47+00:00","og_image":[{"url":"http:\/\/altosjuniors.fr\/concours\/wp-content\/uploads\/2024\/10\/Photo-conservatoire-300x92.jpg","type":"","width":"","height":""}],"twitter_card":"summary_large_image","twitter_misc":{"Dur\u00e9e de lecture estim\u00e9e":"1 minute"},"schema":{"@context":"https:\/\/schema.org","@graph":[{"@type":"WebPage","@id":"https:\/\/altosjuniors.fr\/concours\/index.php\/lieu\/","url":"https:\/\/altosjuniors.fr\/concours\/index.php\/lieu\/","name":"Lieu - Concours d&#039;Alto Pierre Lefebvre","isPartOf":{"@id":"https:\/\/altosjuniors.fr\/concours\/#website"},"primaryImageOfPage":{"@id":"https:\/\/altosjuniors.fr\/concours\/index.php\/lieu\/#primaryimage"},"image":{"@id":"https:\/\/altosjuniors.fr\/concours\/index.php\/lieu\/#primaryimage"},"thumbnailUrl":"http:\/\/altosjuniors.fr\/concours\/wp-content\/uploads\/2024\/10\/Photo-conservatoire-300x92.jpg","datePublished":"2024-10-26T17:40:55+00:00","dateModified":"2024-10-31T07:52:47+00:00","breadcrumb":{"@id":"https:\/\/altosjuniors.fr\/concours\/index.php\/lieu\/#breadcrumb"},"inLanguage":"fr-FR","potentialAction":[{"@type":"ReadAction","target":["https:\/\/altosjuniors.fr\/concours\/index.php\/lieu\/"]}]},{"@type":"ImageObject","inLanguage":"fr-FR","@id":"https:\/\/altosjuniors.fr\/concours\/index.php\/lieu\/#primaryimage","url":"https:\/\/altosjuniors.fr\/concours\/wp-content\/uploads\/2024\/10\/Photo-conservatoire.jpg","contentUrl":"https:\/\/altosjuniors.fr\/concours\/wp-content\/uploads\/2024\/10\/Photo-conservatoire.jpg","width":1493,"height":457},{"@type":"BreadcrumbList","@id":"https:\/\/altosjuniors.fr\/concours\/index.php\/lieu\/#breadcrumb","itemListElement":[{"@type":"ListItem","position":1,"name":"Accueil","item":"https:\/\/altosjuniors.fr\/concours\/"},{"@type":"ListItem","position":2,"name":"Lieu"}]},{"@type":"WebSite","@id":"https:\/\/altosjuniors.fr\/concours\/#website","url":"https:\/\/altosjuniors.fr\/concours\/","name":"Concours d'Alto Pierre Lefebvre","description":"Vive l&#039;ALTO !","publisher":{"@id":"https:\/\/altosjuniors.fr\/concours\/#organization"},"alternateName":"Apparailly","potentialAction":[{"@type":"SearchAction","target":{"@type":"EntryPoint","urlTemplate":"https:\/\/altosjuniors.fr\/concours\/?s={search_term_string}"},"query-input":{"@type":"PropertyValueSpecification","valueRequired":true,"valueName":"search_term_string"}}],"inLanguage":"fr-FR"},{"@type":"Organization","@id":"https:\/\/altosjuniors.fr\/concours\/#organization","name":"Concours d'Alto Pierre Lefebvre","alternateName":"Apparailly","url":"https:\/\/altosjuniors.fr\/concours\/","logo":{"@type":"ImageObject","inLanguage":"fr-FR","@id":"https:\/\/altosjuniors.fr\/concours\/#\/schema\/logo\/image\/","url":"https:\/\/altosjuniors.fr\/concours\/wp-content\/uploads\/2024\/10\/Logo.png","contentUrl":"https:\/\/altosjuniors.fr\/concours\/wp-content\/uploads\/2024\/10\/Logo.png","width":534,"height":534,"caption":"Concours d'Alto Pierre Lefebvre"},"image":{"@id":"https:\/\/altosjuniors.fr\/concours\/#\/schema\/logo\/image\/"}}]}},"_links":{"self":[{"href":"https:\/\/altosjuniors.fr\/concours\/index.php\/wp-json\/wp\/v2\/pages\/17","targetHints":{"allow":["GET"]}}],"collection":[{"href":"https:\/\/altosjuniors.fr\/concours\/index.php\/wp-json\/wp\/v2\/pages"}],"about":[{"href":"https:\/\/altosjuniors.fr\/concours\/index.php\/wp-json\/wp\/v2\/types\/page"}],"author":[{"embeddable":true,"href":"https:\/\/altosjuniors.fr\/concours\/index.php\/wp-json\/wp\/v2\/users\/1"}],"replies":[{"embeddable":true,"href":"https:\/\/altosjuniors.fr\/concours\/index.php\/wp-json\/wp\/v2\/comments?post=17"}],"version-history":[{"count":22,"href":"https:\/\/altosjuniors.fr\/concours\/index.php\/wp-json\/wp\/v2\/pages\/17\/revisions"}],"predecessor-version":[{"id":379,"href":"https:\/\/altosjuniors.fr\/concours\/index.php\/wp-json\/wp\/v2\/pages\/17\/revisions\/379"}],"wp:attachment":[{"href":"https:\/\/altosjuniors.fr\/concours\/index.php\/wp-json\/wp\/v2\/media?parent=17"}],"curies":[{"name":"wp","href":"https:\/\/api.w.org\/{rel}","templated":true}]}}